{"id":1101,"date":"2022-01-20T16:15:39","date_gmt":"2022-01-20T15:15:39","guid":{"rendered":"https:\/\/latavernemeribel.com\/taverne-meribel-restaurants\/"},"modified":"2024-12-10T16:34:38","modified_gmt":"2024-12-10T15:34:38","slug":"taverne-meribel-restaurants","status":"publish","type":"page","link":"https:\/\/latavernemeribel.com\/fr\/taverne-meribel-restaurants\/","title":{"rendered":"BISTROT LA TAVERNE"},"content":{"rendered":"<div class=\"wpb-content-wrapper\"><p>[vc_row full_width=\u00a0\u00bbstretch_row_content\u00a0\u00bb full_height=\u00a0\u00bbyes\u00a0\u00bb parallax=\u00a0\u00bbcontent-moving\u00a0\u00bb parallax_image=\u00a0\u00bb1092&Prime;][vc_column][vc_custom_heading text=\u00a0\u00bbLa Taverne, un bistrot qu\u2019il faut absolument faire quand on passe \u00e0 M\u00e9ribel !\u00a0\u00bb font_container=\u00a0\u00bbtag:h1|text_align:center\u00a0\u00bb use_theme_fonts=\u00a0\u00bbyes\u00a0\u00bb][\/vc_column][\/vc_row][vc_row full_width=\u00a0\u00bbstretch_row_content\u00a0\u00bb full_height=\u00a0\u00bbyes\u00a0\u00bb parallax=\u00a0\u00bbcontent-moving\u00a0\u00bb][vc_column][vc_custom_heading text=\u00a0\u00bbEn plus d\u2019\u00eatre le bar incontournable de M\u00e9ribel, le bistrot de La Taverne est aussi l\u2019un de ses meilleurs restaurants !\u00a0\u00bb font_container=\u00a0\u00bbtag:h2|text_align:center\u00a0\u00bb use_theme_fonts=\u00a0\u00bbyes\u00a0\u00bb][vc_column_text]<\/p>\n<p style=\"text-align: center;\"><span style=\"font-weight: 400;\">Notre devise\u00a0: \u00ab\u00a0Ici c\u2019est comme \u00e0 la maison, venez comme vous \u00eates\u00a0\u00bb, \u00ab\u00a0tout le monde est le bienvenue\u00a0\u00bb, pas compliqu\u00e9 de comprendre pourquoi c\u2019est des restaurants les plus populaires de la station. Les touristes et locaux s\u2019y retrouvent r\u00e9guli\u00e8rement, pour passer un moment simple et agr\u00e9able\u00a0!<\/span><\/p>\n<p style=\"text-align: center;\"><span style=\"font-weight: 400;\">Notre bistrot \u00ab cosy \u00bb situ\u00e9 au rez-de-chauss\u00e9e de la Tav est connu pour ses plats du jour frais et modernes et ses plats traditionnels savoyards.<\/span><\/p>\n<p style=\"text-align: center;\"><span style=\"font-weight: 400;\">Chez nous vous avez le choix, restez \u00e0 l\u2019\u00e9tage pour un repas d\u00e9contract\u00e9 dans une ambiance pub ou descendez pour une exp\u00e9rience culinaire intimiste.<\/span><\/p>\n<h3 style=\"text-align: center;\"><b>2 \u00e9tages, 2 ambiances avec des cartes pleines de saveurs !<\/b><\/h3>\n<p style=\"text-align: center;\"><span style=\"font-weight: 400;\">Tout au long de la journ\u00e9e, venez faire un break entre deux descentes pour savourer un de nos d\u00e9licieux <a href=\"https:\/\/latavernemeribel.com\/fr\/bar-bistro-menus\/\" target=\"_blank\" rel=\"noopener\">burgers maison<\/a>, en soir\u00e9e, pour un bon plat signature, ou g\u00e2tez-vous les dimanches avec une fondue savoyarde\u00a0 !<\/span><\/p>\n<p style=\"text-align: center;\"><span style=\"font-weight: 400;\">Fusion entre la M\u00e9diterran\u00e9e moderne et les classiques, nos plats \u00ab faits maison \u00bb revisitent les ind\u00e9modables de la Taverne mais aussi des accords myst\u00e9rieux qui viendront chatouiller vos papilles et raviront vos sens !<\/span><\/p>\n<p style=\"text-align: center;\"><b>Notre carte de vins est soigneusement s\u00e9lectionn\u00e9e par nos \u00e9quipes et s\u2019accordera avec tous nos plats. Pour les amateurs de vin seront heureux d\u2019ouvrir une bonne bouteille, ou 2\u00a0!<\/b><\/p>\n<p>[\/vc_column_text][\/vc_column][vc_column][vc_row_inner][vc_column_inner width=\u00a0\u00bb1\/2&Prime;][vc_btn title=\u00a0\u00bbNOTRE CARTE\u00a0\u00bb color=\u00a0\u00bbblack\u00a0\u00bb link=\u00a0\u00bburl:https%3A%2F%2Fm.appero.co%2F%2390d385fb-fcc4-45d6-8085-a74b76ed4d27|target:_blank\u00a0\u00bb][\/vc_column_inner][vc_column_inner width=\u00a0\u00bb1\/2&Prime;][vc_btn title=\u00a0\u00bbRESERVEZ VOTRE TABLE\u00a0\u00bb link=\u00a0\u00bburl:http%3A%2F%2FDuring%20the%20day%2C%20tuck%20into%20a%20mouth-watering%20homemade%20burger%20as%20you%20take%20a%20break%20from%20the%20slopes%2C%20drop%20by%20in%20the%20evening%20for%20signature%20dish%20or%20pop%20by%20%26%20enjoy%20a%20tradtional%20savoyard%20fondue%2C%20a%20true%20cheese%20lover%E2%80%99s%20dream%20!%20%20A%20fusion%20between%20modern%20Mediterranean%20and%C2%A0%20classics%2C%20the%20homemade%20dishes%20include%20some%20usual%20suspects%20with%20a%20Taverne%20twist%2C%20as%20well%20as%20some%20surprise%20pairings%20that%20will%20tickle%20your%20taste%20buds%20and%20delight%20your%20senses!%20%20Wine%2C%20dine%E2%80%A6%20have%20a%20good%20time%20!%20%20The%20bistro%20wine%20list%20is%20carefully%20selected%20to%20please%20and%20perfectly%20matches%20the%20menu%2C%20from%20the%20easy%20drinkable%20to%20the%20refined%20wines.%20Wine%20enthusiasts%20will%20be%20more%20than%20happy%20to%20open%20a%20bottle%20or%20two!|target:_blank\u00a0\u00bb][\/vc_column_inner][\/vc_row_inner][\/vc_column][\/vc_row][vc_row full_width=\u00a0\u00bbstretch_row_content\u00a0\u00bb][vc_column width=\u00a0\u00bb1\/2&Prime;][vc_custom_heading text=\u00a0\u00bbLaissez-nous vous divertir !\u00a0\u00bb font_container=\u00a0\u00bbtag:h3|text_align:left\u00a0\u00bb use_theme_fonts=\u00a0\u00bbyes\u00a0\u00bb][vc_column_text]<\/p>\n<p style=\"text-align: center;\"><span style=\"font-weight: 400;\">Sachez que si vous vous rendez chez nous un dimanche, un mardi ou mercredi soir, non seulement vous pourrez profiter d\u2019un somptueux repas mais vous pourrez \u00e9galement profiter de nos Live Music gr\u00e2ce aux meilleurs musiciens de M\u00e9ribel !<\/span><\/p>\n<p style=\"text-align: center;\"><strong>Notre restaurant organise r\u00e9guli\u00e8rement des soir\u00e9es musicales, ce qui fera de vos nuits les plus m\u00e9morables de votre s\u00e9jour au ski\u00a0!<\/strong><\/p>\n<h3 style=\"text-align: center;\"><b style=\"color: #666666; font-size: 1.125rem; font-style: italic;\">Plut\u00f4t team Fondue ou team Viande ? Telle est la question !<\/b><\/h3>\n<p style=\"text-align: center;\"><span style=\"font-weight: 400;\">Pour commencer ou finir votre semaine, rien de tel que la fameuse offre 100% fromage que La Tav vous propose le dimanche soir au \u00abFun-do Sundays \u00bb .<\/span><\/p>\n<p style=\"text-align: center;\"><span style=\"font-weight: 400;\">Plongez dans l\u2019une des d\u00e9licieuses fondues savoyardes et savourez notre carte des vins tout en profitant de la musique live hebdomadaire \u00e0 partir de 20h<\/span><\/p>\n<p style=\"text-align: center;\"><i><span style=\"font-weight: 400;\">Pour plus d\u2019informations sur nos soir\u00e9es Live et les DJs de la Taverne, consultez la page des \u00e9v\u00e8nements ou suivez-nous sur les r\u00e9seaux sociaux.<\/span><\/i><\/p>\n<p>[\/vc_column_text][\/vc_column][vc_column width=\u00a0\u00bb1\/2&Prime;][vc_single_image image=\u00a0\u00bb725&Prime; img_size=\u00a0\u00bbfull\u00a0\u00bb][\/vc_column][\/vc_row][vc_row full_width=\u00a0\u00bbstretch_row_content\u00a0\u00bb][vc_column width=\u00a0\u00bb1\/2&Prime;][vc_single_image image=\u00a0\u00bb412&Prime; img_size=\u00a0\u00bbfull\u00a0\u00bb][\/vc_column][vc_column width=\u00a0\u00bb1\/2&Prime;][vc_custom_heading text=\u00a0\u00bbN\u2019h\u00e9sitez plus, et choisissez le bistrot de la Taverne !\u00a0\u00bb font_container=\u00a0\u00bbtag:h3|text_align:left\u00a0\u00bb use_theme_fonts=\u00a0\u00bbyes\u00a0\u00bb][vc_column_text]<\/p>\n<p style=\"text-align: center;\"><b>Une dure journ\u00e9e\u00a0sur les pistes\u00a0?<\/b><\/p>\n<p style=\"text-align: center;\"><span style=\"font-weight: 400;\">La Tav est \u00e0 seulement\u00a0 2 minutes de la station. Situ\u00e9e en plein centre de M\u00e9ribel, venez prendre un caf\u00e9, boire un verre dans l\u2019apr\u00e8s-midi ou\u00a0 danser jusqu\u2019au bout de la nuit !<\/span><\/p>\n<p>[\/vc_column_text][\/vc_column][\/vc_row][vc_row][vc_column][vc_column_text]<\/p>\n<h3 style=\"text-align: center;\">Le bistrot La Taverne, l&rsquo;un des meilleurs restaurants de M\u00e9ribel<\/h3>\n<p style=\"text-align: center;\"><a href=\"https:\/\/bookings.zenchef.com\/results?rid=368816&amp;pid=1001\" target=\"_blank\" rel=\"noopener\">Pour r\u00e9server :<\/a><\/p>\n<p style=\"text-align: center;\"><a href=\"https:\/\/bookings.zenchef.com\/results?rid=368816&amp;pid=1001\" target=\"_blank\" rel=\"noopener\">R\u00e9servez en ligne<\/a>, directement au restaurant, ou\u00a0 par t\u00e9l\u00e9phone au<a href=\"tel:+33479003618\" target=\"_blank\" rel=\"noopener\">\u00a0+33 4 79 00 36 18<\/a><\/p>\n<p style=\"text-align: center;\">ou contactez nous \u00e0\u00a0<a href=\"mailto:tavresto.reservations@alpine-bars.com\" target=\"_blank\" rel=\"noopener noreferrer\">tavresto.reservations@alpine-bars.com<\/a><\/p>\n<p style=\"text-align: center;\"><em>Et si vous ratez le coche ?\u00a0 Et bien nous nous verrons le lendemain !<\/em><\/p>\n<p>[\/vc_column_text][vc_row_inner][vc_column_inner width=\u00a0\u00bb1\/2&Prime;][vc_btn title=\u00a0\u00bbNOTRE CARTE\u00a0\u00bb color=\u00a0\u00bbblack\u00a0\u00bb link=\u00a0\u00bburl:https%3A%2F%2Fm.appero.co%2F%2390d385fb-fcc4-45d6-8085-a74b76ed4d27|target:_blank\u00a0\u00bb][\/vc_column_inner][vc_column_inner width=\u00a0\u00bb1\/2&Prime;][vc_btn title=\u00a0\u00bbRESERVEZ VOTRE TABLE\u00a0\u00bb link=\u00a0\u00bburl:http%3A%2F%2FDuring%20the%20day%2C%20tuck%20into%20a%20mouth-watering%20homemade%20burger%20as%20you%20take%20a%20break%20from%20the%20slopes%2C%20drop%20by%20in%20the%20evening%20for%20signature%20dish%20or%20pop%20by%20%26%20enjoy%20a%20tradtional%20savoyard%20fondue%2C%20a%20true%20cheese%20lover%E2%80%99s%20dream%20!%20%20A%20fusion%20between%20modern%20Mediterranean%20and%C2%A0%20classics%2C%20the%20homemade%20dishes%20include%20some%20usual%20suspects%20with%20a%20Taverne%20twist%2C%20as%20well%20as%20some%20surprise%20pairings%20that%20will%20tickle%20your%20taste%20buds%20and%20delight%20your%20senses!%20%20Wine%2C%20dine%E2%80%A6%20have%20a%20good%20time%20!%20%20The%20bistro%20wine%20list%20is%20carefully%20selected%20to%20please%20and%20perfectly%20matches%20the%20menu%2C%20from%20the%20easy%20drinkable%20to%20the%20refined%20wines.%20Wine%20enthusiasts%20will%20be%20more%20than%20happy%20to%20open%20a%20bottle%20or%20two!|target:_blank\u00a0\u00bb][\/vc_column_inner][\/vc_row_inner][\/vc_column][\/vc_row]<\/p>\n<\/div>","protected":false},"excerpt":{"rendered":"<p>[vc_row full_width=\u00a0\u00bbstretch_row_content\u00a0\u00bb full_height=\u00a0\u00bbyes\u00a0\u00bb parallax=\u00a0\u00bbcontent-moving\u00a0\u00bb parallax_image=\u00a0\u00bb1092&Prime;][vc_column][vc_custom_heading text=\u00a0\u00bbLa Taverne, un bistrot qu\u2019il faut absolument faire quand on passe \u00e0 M\u00e9ribel !\u00a0\u00bb font_container=\u00a0\u00bbtag:h1|text_align:center\u00a0\u00bb use_theme_fonts=\u00a0\u00bbyes\u00a0\u00bb][\/vc_column][\/vc_row][vc_row full_width=\u00a0\u00bbstretch_row_content\u00a0\u00bb full_height=\u00a0\u00bbyes\u00a0\u00bb parallax=\u00a0\u00bbcontent-moving\u00a0\u00bb][vc_column][vc_custom_heading text=\u00a0\u00bbEn plus d\u2019\u00eatre le bar incontournable de M\u00e9ribel, le bistrot de La Taverne est aussi l\u2019un de ses meilleurs restaurants !\u00a0\u00bb font_container=\u00a0\u00bbtag:h2|text_align:center\u00a0\u00bb use_theme_fonts=\u00a0\u00bbyes\u00a0\u00bb][vc_column_text] Notre devise\u00a0: \u00ab\u00a0Ici c\u2019est comme \u00e0 la maison, &hellip; <\/p>\n<p class=\"link-more\"><a href=\"https:\/\/latavernemeribel.com\/fr\/taverne-meribel-restaurants\/\" class=\"more-link\">Continuer la lecture<span class=\"screen-reader-text\"> de &laquo;&nbsp;BISTROT LA TAVERNE&nbsp;&raquo;<\/span><\/a><\/p>\n","protected":false},"author":4,"featured_media":0,"parent":0,"menu_order":0,"comment_status":"closed","ping_status":"closed","template":"","meta":{"footnotes":""},"yoast_head":"<!-- This site is optimized with the Yoast SEO plugin v21.8 - https:\/\/yoast.com\/wordpress\/plugins\/seo\/ -->\n<title>Bistrot La Taverne, 1 des meilleurs restaurants \u00e0 M\u00e9ribel La Taverne Meribel<\/title>\n<meta name=\"description\" content=\"Le bistrot La Taverne et son menu hyper savoureux de plats frais &amp; sp\u00e9cialit\u00e9s savoyardes. L&#039;un des restaurants les plus populaires \u00e0 M\u00e9ribel\" \/>\n<meta name=\"robots\" content=\"index, follow, max-snippet:-1, max-image-preview:large, max-video-preview:-1\" \/>\n<link rel=\"canonical\" href=\"https:\/\/latavernemeribel.com\/fr\/taverne-meribel-restaurants\/\" \/>\n<meta property=\"og:locale\" content=\"fr_FR\" \/>\n<meta property=\"og:type\" content=\"article\" \/>\n<meta property=\"og:title\" content=\"Bistrot La Taverne, 1 des meilleurs restaurants \u00e0 M\u00e9ribel La Taverne Meribel\" \/>\n<meta property=\"og:description\" content=\"Le bistrot La Taverne et son menu hyper savoureux de plats frais &amp; sp\u00e9cialit\u00e9s savoyardes. L&#039;un des restaurants les plus populaires \u00e0 M\u00e9ribel\" \/>\n<meta property=\"og:url\" content=\"https:\/\/latavernemeribel.com\/fr\/taverne-meribel-restaurants\/\" \/>\n<meta property=\"og:site_name\" content=\"La Taverne Meribel\" \/>\n<meta property=\"article:modified_time\" content=\"2024-12-10T15:34:38+00:00\" \/>\n<meta name=\"twitter:card\" content=\"summary_large_image\" \/>\n<meta name=\"twitter:label1\" content=\"Dur\u00e9e de lecture estim\u00e9e\" \/>\n\t<meta name=\"twitter:data1\" content=\"3 minutes\" \/>\n<script type=\"application\/ld+json\" class=\"yoast-schema-graph\">{\"@context\":\"https:\/\/schema.org\",\"@graph\":[{\"@type\":\"WebPage\",\"@id\":\"https:\/\/latavernemeribel.com\/fr\/taverne-meribel-restaurants\/\",\"url\":\"https:\/\/latavernemeribel.com\/fr\/taverne-meribel-restaurants\/\",\"name\":\"Bistrot La Taverne, 1 des meilleurs restaurants \u00e0 M\u00e9ribel La Taverne Meribel\",\"isPartOf\":{\"@id\":\"https:\/\/latavernemeribel.com\/#website\"},\"datePublished\":\"2022-01-20T15:15:39+00:00\",\"dateModified\":\"2024-12-10T15:34:38+00:00\",\"description\":\"Le bistrot La Taverne et son menu hyper savoureux de plats frais & sp\u00e9cialit\u00e9s savoyardes. L'un des restaurants les plus populaires \u00e0 M\u00e9ribel\",\"breadcrumb\":{\"@id\":\"https:\/\/latavernemeribel.com\/fr\/taverne-meribel-restaurants\/#breadcrumb\"},\"inLanguage\":\"fr-FR\",\"potentialAction\":[{\"@type\":\"ReadAction\",\"target\":[\"https:\/\/latavernemeribel.com\/fr\/taverne-meribel-restaurants\/\"]}]},{\"@type\":\"BreadcrumbList\",\"@id\":\"https:\/\/latavernemeribel.com\/fr\/taverne-meribel-restaurants\/#breadcrumb\",\"itemListElement\":[{\"@type\":\"ListItem\",\"position\":1,\"name\":\"Home\",\"item\":\"https:\/\/latavernemeribel.com\/fr\/\"},{\"@type\":\"ListItem\",\"position\":2,\"name\":\"BISTROT LA TAVERNE\"}]},{\"@type\":\"WebSite\",\"@id\":\"https:\/\/latavernemeribel.com\/#website\",\"url\":\"https:\/\/latavernemeribel.com\/\",\"name\":\"La Taverne - Meribel\",\"description\":\"Bar, Restaurant &amp; Rooms\",\"publisher\":{\"@id\":\"https:\/\/latavernemeribel.com\/#organization\"},\"potentialAction\":[{\"@type\":\"SearchAction\",\"target\":{\"@type\":\"EntryPoint\",\"urlTemplate\":\"https:\/\/latavernemeribel.com\/?s={search_term_string}\"},\"query-input\":\"required name=search_term_string\"}],\"inLanguage\":\"fr-FR\"},{\"@type\":\"Organization\",\"@id\":\"https:\/\/latavernemeribel.com\/#organization\",\"name\":\"La Taverne\",\"url\":\"https:\/\/latavernemeribel.com\/\",\"logo\":{\"@type\":\"ImageObject\",\"inLanguage\":\"fr-FR\",\"@id\":\"https:\/\/latavernemeribel.com\/#\/schema\/logo\/image\/\",\"url\":\"https:\/\/latavernemeribel.com\/wp-content\/uploads\/2018\/12\/cropped-LA-TAVERNE-VITRINE.png\",\"contentUrl\":\"https:\/\/latavernemeribel.com\/wp-content\/uploads\/2018\/12\/cropped-LA-TAVERNE-VITRINE.png\",\"width\":562,\"height\":250,\"caption\":\"La Taverne\"},\"image\":{\"@id\":\"https:\/\/latavernemeribel.com\/#\/schema\/logo\/image\/\"}}]}<\/script>\n<!-- \/ Yoast SEO plugin. -->","yoast_head_json":{"title":"Bistrot La Taverne, 1 des meilleurs restaurants \u00e0 M\u00e9ribel La Taverne Meribel","description":"Le bistrot La Taverne et son menu hyper savoureux de plats frais & sp\u00e9cialit\u00e9s savoyardes. L'un des restaurants les plus populaires \u00e0 M\u00e9ribel","robots":{"index":"index","follow":"follow","max-snippet":"max-snippet:-1","max-image-preview":"max-image-preview:large","max-video-preview":"max-video-preview:-1"},"canonical":"https:\/\/latavernemeribel.com\/fr\/taverne-meribel-restaurants\/","og_locale":"fr_FR","og_type":"article","og_title":"Bistrot La Taverne, 1 des meilleurs restaurants \u00e0 M\u00e9ribel La Taverne Meribel","og_description":"Le bistrot La Taverne et son menu hyper savoureux de plats frais & sp\u00e9cialit\u00e9s savoyardes. L'un des restaurants les plus populaires \u00e0 M\u00e9ribel","og_url":"https:\/\/latavernemeribel.com\/fr\/taverne-meribel-restaurants\/","og_site_name":"La Taverne Meribel","article_modified_time":"2024-12-10T15:34:38+00:00","twitter_card":"summary_large_image","twitter_misc":{"Dur\u00e9e de lecture estim\u00e9e":"3 minutes"},"schema":{"@context":"https:\/\/schema.org","@graph":[{"@type":"WebPage","@id":"https:\/\/latavernemeribel.com\/fr\/taverne-meribel-restaurants\/","url":"https:\/\/latavernemeribel.com\/fr\/taverne-meribel-restaurants\/","name":"Bistrot La Taverne, 1 des meilleurs restaurants \u00e0 M\u00e9ribel La Taverne Meribel","isPartOf":{"@id":"https:\/\/latavernemeribel.com\/#website"},"datePublished":"2022-01-20T15:15:39+00:00","dateModified":"2024-12-10T15:34:38+00:00","description":"Le bistrot La Taverne et son menu hyper savoureux de plats frais & sp\u00e9cialit\u00e9s savoyardes. L'un des restaurants les plus populaires \u00e0 M\u00e9ribel","breadcrumb":{"@id":"https:\/\/latavernemeribel.com\/fr\/taverne-meribel-restaurants\/#breadcrumb"},"inLanguage":"fr-FR","potentialAction":[{"@type":"ReadAction","target":["https:\/\/latavernemeribel.com\/fr\/taverne-meribel-restaurants\/"]}]},{"@type":"BreadcrumbList","@id":"https:\/\/latavernemeribel.com\/fr\/taverne-meribel-restaurants\/#breadcrumb","itemListElement":[{"@type":"ListItem","position":1,"name":"Home","item":"https:\/\/latavernemeribel.com\/fr\/"},{"@type":"ListItem","position":2,"name":"BISTROT LA TAVERNE"}]},{"@type":"WebSite","@id":"https:\/\/latavernemeribel.com\/#website","url":"https:\/\/latavernemeribel.com\/","name":"La Taverne - Meribel","description":"Bar, Restaurant &amp; Rooms","publisher":{"@id":"https:\/\/latavernemeribel.com\/#organization"},"potentialAction":[{"@type":"SearchAction","target":{"@type":"EntryPoint","urlTemplate":"https:\/\/latavernemeribel.com\/?s={search_term_string}"},"query-input":"required name=search_term_string"}],"inLanguage":"fr-FR"},{"@type":"Organization","@id":"https:\/\/latavernemeribel.com\/#organization","name":"La Taverne","url":"https:\/\/latavernemeribel.com\/","logo":{"@type":"ImageObject","inLanguage":"fr-FR","@id":"https:\/\/latavernemeribel.com\/#\/schema\/logo\/image\/","url":"https:\/\/latavernemeribel.com\/wp-content\/uploads\/2018\/12\/cropped-LA-TAVERNE-VITRINE.png","contentUrl":"https:\/\/latavernemeribel.com\/wp-content\/uploads\/2018\/12\/cropped-LA-TAVERNE-VITRINE.png","width":562,"height":250,"caption":"La Taverne"},"image":{"@id":"https:\/\/latavernemeribel.com\/#\/schema\/logo\/image\/"}}]}},"publishpress_future_action":{"enabled":false,"date":"2026-04-13 11:34:52","action":"draft","terms":[],"taxonomy":""},"_links":{"self":[{"href":"https:\/\/latavernemeribel.com\/fr\/wp-json\/wp\/v2\/pages\/1101"}],"collection":[{"href":"https:\/\/latavernemeribel.com\/fr\/wp-json\/wp\/v2\/pages"}],"about":[{"href":"https:\/\/latavernemeribel.com\/fr\/wp-json\/wp\/v2\/types\/page"}],"author":[{"embeddable":true,"href":"https:\/\/latavernemeribel.com\/fr\/wp-json\/wp\/v2\/users\/4"}],"replies":[{"embeddable":true,"href":"https:\/\/latavernemeribel.com\/fr\/wp-json\/wp\/v2\/comments?post=1101"}],"version-history":[{"count":21,"href":"https:\/\/latavernemeribel.com\/fr\/wp-json\/wp\/v2\/pages\/1101\/revisions"}],"predecessor-version":[{"id":1463,"href":"https:\/\/latavernemeribel.com\/fr\/wp-json\/wp\/v2\/pages\/1101\/revisions\/1463"}],"wp:attachment":[{"href":"https:\/\/latavernemeribel.com\/fr\/wp-json\/wp\/v2\/media?parent=1101"}],"curies":[{"name":"wp","href":"https:\/\/api.w.org\/{rel}","templated":true}]}}