{"id":2,"date":"2018-10-26T11:05:10","date_gmt":"2018-10-26T09:05:10","guid":{"rendered":"https:\/\/latavernemeribel.com\/?page_id=2"},"modified":"2024-12-11T13:24:28","modified_gmt":"2024-12-11T12:24:28","slug":"infos","status":"publish","type":"page","link":"https:\/\/latavernemeribel.com\/fr\/infos\/","title":{"rendered":"Infos"},"content":{"rendered":"<div class=\"wpb-content-wrapper\"><p>[vc_row full_width=\u00a0\u00bbstretch_row_content\u00a0\u00bb full_height=\u00a0\u00bbyes\u00a0\u00bb el_class=\u00a0\u00bbscrollable-section\u00a0\u00bb][vc_column][vc_empty_space height=\u00a0\u00bb40px\u00a0\u00bb][vc_custom_heading source=\u00a0\u00bbpost_title\u00a0\u00bb font_container=\u00a0\u00bbtag:h2|text_align:center\u00a0\u00bb use_theme_fonts=\u00a0\u00bbyes\u00a0\u00bb][vc_row_inner equal_height=\u00a0\u00bbyes\u00a0\u00bb content_placement=\u00a0\u00bbtop\u00a0\u00bb css=\u00a0\u00bb.vc_custom_1541520506989{background-color: #ffffff !important;}\u00a0\u00bb][vc_column_inner width=\u00a0\u00bb1\/3&Prime; css=\u00a0\u00bb.vc_custom_1544029723759{margin-top: 15px !important;margin-right: 15px !important;margin-bottom: 15px !important;margin-left: 15px !important;padding-top: 25px !important;padding-bottom: 25px !important;background-image: url(https:\/\/latavernemeribel.com\/wp-content\/uploads\/2018\/12\/LA-TAVERNE-BUILDING-.1.jpg?id=410) !important;background-position: center !important;background-repeat: no-repeat !important;background-size: cover !important;}\u00a0\u00bb][\/vc_column_inner][vc_column_inner el_class=\u00a0\u00bboutlined\u00a0\u00bb width=\u00a0\u00bb1\/3&Prime; css=\u00a0\u00bb.vc_custom_1544029742770{margin-top: 30px !important;margin-right: 30px !important;margin-bottom: 30px !important;margin-left: 30px !important;padding-top: 30px !important;padding-right: 30px !important;padding-bottom: 30px !important;padding-left: 30px !important;background-color: #ededed !important;}\u00a0\u00bb][vc_column_text el_class=\u00a0\u00bbadress-info\u00a0\u00bb]<\/p>\n<h3>HORAIRES<\/h3>\n<p>Nous sommes ouvert tous les jours<\/p>\n<p><strong>Bar<\/strong> : 08h00 \u00e0 02h00<\/p>\n<p>Petite d\u00e9jeuner : de 9h \u00e0 12h00<\/p>\n<p><strong> D\u00e9jeuner\/Brunch<\/strong> de 12h \u00e0 15h<\/p>\n<p><strong> Diner<\/strong> de 18h30 \u00e0 21h30<\/p>\n<p>Snacks de 16h \u00e0 21h30<\/p>\n<p>&nbsp;<\/p>\n<p><span style=\"font-size: 1.125rem;\">ADRESSE<\/span><\/p>\n<p>La Taverne<br \/>\nRoute du centre<br \/>\n73550\u00a0M\u00e9ribel[\/vc_column_text][vc_column_text el_class=\u00a0\u00bbcontact-info floatLeft padR\u00a0\u00bb]<\/p>\n<h3>TELEPHONE<\/h3>\n<p><a href=\"tel:+33479003618\">+33 4 79 00 36 18<\/a>[\/vc_column_text][vc_icon type=\u00a0\u00bbmonosocial\u00a0\u00bb icon_monosocial=\u00a0\u00bbvc-mono vc-mono-facebook\u00a0\u00bb color=\u00a0\u00bbcustom\u00a0\u00bb css_animation=\u00a0\u00bbfadeInUp\u00a0\u00bb link=\u00a0\u00bburl:https%3A%2F%2Fwww.facebook.com%2Flatavernemeribel%2F|title:Like%20%26%20Follow%20us|target:%20_blank|\u00a0\u00bb custom_color=\u00a0\u00bb#cb9a07&Prime; el_class=\u00a0\u00bbfloatLeft padR clear\u00a0\u00bb][vc_icon type=\u00a0\u00bbmonosocial\u00a0\u00bb icon_monosocial=\u00a0\u00bbvc-mono vc-mono-instagram\u00a0\u00bb color=\u00a0\u00bbcustom\u00a0\u00bb css_animation=\u00a0\u00bbfadeInUp\u00a0\u00bb link=\u00a0\u00bburl:https%3A%2F%2Fwww.instagram.com%2Flatavernemeribel%2F%20|title:Follow%20%26%20Tag%20us|target:%20_blank|\u00a0\u00bb custom_color=\u00a0\u00bb#cb9a07&Prime; el_class=\u00a0\u00bbfloatLeft padR\u00a0\u00bb][\/vc_column_inner][vc_column_inner width=\u00a0\u00bb1\/3&Prime; css=\u00a0\u00bb.vc_custom_1541693677488{padding-right: 30px !important;}\u00a0\u00bb][vc_column_text el_class=\u00a0\u00bbadress-info\u00a0\u00bb]<\/p>\n<h3>RESTAURANT<\/h3>\n<p>[\/vc_column_text][vc_btn title=\u00a0\u00bbRESERVEZ VOTRE TABLE\u00a0\u00bb link=\u00a0\u00bburl:https%3A%2F%2Fbookings.zenchef.com%2Fresults%3Frid%3D368816%26pid%3D1001|target:_blank\u00a0\u00bb][vc_column_text]Si vous souhaitez r\u00e9server une table\u00a0<strong>pour ce soir<\/strong>, nous vous invitons \u00e0 r\u00e9server directement par t\u00e9l\u00e9phone en appelant\u00a0<b><span class=\"il\">La<\/span>\u00a0<span class=\"il\">Taverne au\u00a0<\/span><\/b>\u00a0<strong><a href=\"tel:+33479003618\">+33 4 79 00 36 18<\/a><\/strong><\/p>\n<p>&nbsp;<\/p>\n<p>Pour les r\u00e9servations de groupe (+12) ou les demandes de renseignements, veuillez nous contacter<\/p>\n<p><a href=\"mailto:tavresto.reservations@alpine-bars.com\" target=\"_blank\" rel=\"noopener noreferrer\">tavresto.reservations@alpine-bars.com<\/a><\/p>\n<p><em>Ou venez-nous voir au bar !<\/em>[\/vc_column_text][vc_column_text el_class=\u00a0\u00bbcontact-info floatLeft padR\u00a0\u00bb]<\/p>\n<h3><strong>HOTEL<\/strong><\/h3>\n<p>Reservation enquiries:<\/p>\n<p><a href=\"mailto:reservationroc@alpine-bars.com\" target=\"_blank\" rel=\"noopener noreferrer\">reservationroc@alpine-bars.com<\/a>[\/vc_column_text][vc_btn title=\u00a0\u00bbRESERVEZ UNE CHAMBRE\u00a0\u00bb link=\u00a0\u00bburl:https%3A%2F%2Fdirect-book.com%2Fproperties%2Flataverne-barbistroroomshotelleroc|target:_blank\u00a0\u00bb][vc_column_text]Informations g\u00e9n\u00e9rale<\/p>\n<p><a href=\"mailto:info@alpine-bars.com\" target=\"_blank\" rel=\"noopener noreferrer\">info@alpine-bars.com<\/a>[\/vc_column_text][\/vc_column_inner][\/vc_row_inner][\/vc_column][\/vc_row]<\/p>\n<\/div>","protected":false},"excerpt":{"rendered":"<p>[vc_row full_width=\u00a0\u00bbstretch_row_content\u00a0\u00bb full_height=\u00a0\u00bbyes\u00a0\u00bb el_class=\u00a0\u00bbscrollable-section\u00a0\u00bb][vc_column][vc_empty_space height=\u00a0\u00bb40px\u00a0\u00bb][vc_custom_heading source=\u00a0\u00bbpost_title\u00a0\u00bb font_container=\u00a0\u00bbtag:h2|text_align:center\u00a0\u00bb use_theme_fonts=\u00a0\u00bbyes\u00a0\u00bb][vc_row_inner equal_height=\u00a0\u00bbyes\u00a0\u00bb content_placement=\u00a0\u00bbtop\u00a0\u00bb css=\u00a0\u00bb.vc_custom_1541520506989{background-color: #ffffff !important;}\u00a0\u00bb][vc_column_inner width=\u00a0\u00bb1\/3&Prime; css=\u00a0\u00bb.vc_custom_1544029723759{margin-top: 15px !important;margin-right: 15px !important;margin-bottom: 15px !important;margin-left: 15px !important;padding-top: 25px !important;padding-bottom: 25px !important;background-image: url(https:\/\/latavernemeribel.com\/wp-content\/uploads\/2018\/12\/LA-TAVERNE-BUILDING-.1.jpg?id=410) !important;background-position: center !important;background-repeat: no-repeat !important;background-size: cover !important;}\u00a0\u00bb][\/vc_column_inner][vc_column_inner el_class=\u00a0\u00bboutlined\u00a0\u00bb width=\u00a0\u00bb1\/3&Prime; css=\u00a0\u00bb.vc_custom_1544029742770{margin-top: 30px !important;margin-right: 30px !important;margin-bottom: 30px !important;margin-left: 30px !important;padding-top: 30px !important;padding-right: 30px !important;padding-bottom: 30px !important;padding-left: 30px !important;background-color: #ededed &hellip; <\/p>\n<p class=\"link-more\"><a href=\"https:\/\/latavernemeribel.com\/fr\/infos\/\" class=\"more-link\">Continuer la lecture<span class=\"screen-reader-text\"> de &laquo;&nbsp;Infos&nbsp;&raquo;<\/span><\/a><\/p>\n","protected":false},"author":4,"featured_media":0,"parent":0,"menu_order":0,"comment_status":"closed","ping_status":"closed","template":"","meta":{"footnotes":""},"yoast_head":"<!-- This site is optimized with the Yoast SEO plugin v21.8 - https:\/\/yoast.com\/wordpress\/plugins\/seo\/ -->\n<title>R\u00e9servez un restaurant \u00e0 M\u00e9ribel - La taverne<\/title>\n<meta name=\"description\" content=\"R\u00e9servez une table ou une chambre \u00e0 Meribel. Profitez de vos vacances dans les Alpes \u00e0 La Taverne Meribel.\" \/>\n<meta name=\"robots\" content=\"index, follow, max-snippet:-1, max-image-preview:large, max-video-preview:-1\" \/>\n<link rel=\"canonical\" href=\"https:\/\/latavernemeribel.com\/fr\/infos\/\" \/>\n<meta property=\"og:locale\" content=\"fr_FR\" \/>\n<meta property=\"og:type\" content=\"article\" \/>\n<meta property=\"og:title\" content=\"R\u00e9servez un restaurant \u00e0 M\u00e9ribel - La taverne\" \/>\n<meta property=\"og:description\" content=\"R\u00e9servez une table ou une chambre \u00e0 Meribel. Profitez de vos vacances dans les Alpes \u00e0 La Taverne Meribel.\" \/>\n<meta property=\"og:url\" content=\"https:\/\/latavernemeribel.com\/fr\/infos\/\" \/>\n<meta property=\"og:site_name\" content=\"La Taverne Meribel\" \/>\n<meta property=\"article:modified_time\" content=\"2024-12-11T12:24:28+00:00\" \/>\n<meta name=\"twitter:card\" content=\"summary_large_image\" \/>\n<meta name=\"twitter:label1\" content=\"Dur\u00e9e de lecture estim\u00e9e\" \/>\n\t<meta name=\"twitter:data1\" content=\"1 minute\" \/>\n<script type=\"application\/ld+json\" class=\"yoast-schema-graph\">{\"@context\":\"https:\/\/schema.org\",\"@graph\":[{\"@type\":\"WebPage\",\"@id\":\"https:\/\/latavernemeribel.com\/fr\/infos\/\",\"url\":\"https:\/\/latavernemeribel.com\/fr\/infos\/\",\"name\":\"R\u00e9servez un restaurant \u00e0 M\u00e9ribel - La taverne\",\"isPartOf\":{\"@id\":\"https:\/\/latavernemeribel.com\/#website\"},\"datePublished\":\"2018-10-26T09:05:10+00:00\",\"dateModified\":\"2024-12-11T12:24:28+00:00\",\"description\":\"R\u00e9servez une table ou une chambre \u00e0 Meribel. Profitez de vos vacances dans les Alpes \u00e0 La Taverne Meribel.\",\"breadcrumb\":{\"@id\":\"https:\/\/latavernemeribel.com\/fr\/infos\/#breadcrumb\"},\"inLanguage\":\"fr-FR\",\"potentialAction\":[{\"@type\":\"ReadAction\",\"target\":[\"https:\/\/latavernemeribel.com\/fr\/infos\/\"]}]},{\"@type\":\"BreadcrumbList\",\"@id\":\"https:\/\/latavernemeribel.com\/fr\/infos\/#breadcrumb\",\"itemListElement\":[{\"@type\":\"ListItem\",\"position\":1,\"name\":\"Home\",\"item\":\"https:\/\/latavernemeribel.com\/fr\/\"},{\"@type\":\"ListItem\",\"position\":2,\"name\":\"Infos\"}]},{\"@type\":\"WebSite\",\"@id\":\"https:\/\/latavernemeribel.com\/#website\",\"url\":\"https:\/\/latavernemeribel.com\/\",\"name\":\"La Taverne - Meribel\",\"description\":\"Bar, Restaurant &amp; Rooms\",\"publisher\":{\"@id\":\"https:\/\/latavernemeribel.com\/#organization\"},\"potentialAction\":[{\"@type\":\"SearchAction\",\"target\":{\"@type\":\"EntryPoint\",\"urlTemplate\":\"https:\/\/latavernemeribel.com\/?s={search_term_string}\"},\"query-input\":\"required name=search_term_string\"}],\"inLanguage\":\"fr-FR\"},{\"@type\":\"Organization\",\"@id\":\"https:\/\/latavernemeribel.com\/#organization\",\"name\":\"La Taverne\",\"url\":\"https:\/\/latavernemeribel.com\/\",\"logo\":{\"@type\":\"ImageObject\",\"inLanguage\":\"fr-FR\",\"@id\":\"https:\/\/latavernemeribel.com\/#\/schema\/logo\/image\/\",\"url\":\"https:\/\/latavernemeribel.com\/wp-content\/uploads\/2018\/12\/cropped-LA-TAVERNE-VITRINE.png\",\"contentUrl\":\"https:\/\/latavernemeribel.com\/wp-content\/uploads\/2018\/12\/cropped-LA-TAVERNE-VITRINE.png\",\"width\":562,\"height\":250,\"caption\":\"La Taverne\"},\"image\":{\"@id\":\"https:\/\/latavernemeribel.com\/#\/schema\/logo\/image\/\"}}]}<\/script>\n<!-- \/ Yoast SEO plugin. -->","yoast_head_json":{"title":"R\u00e9servez un restaurant \u00e0 M\u00e9ribel - La taverne","description":"R\u00e9servez une table ou une chambre \u00e0 Meribel. Profitez de vos vacances dans les Alpes \u00e0 La Taverne Meribel.","robots":{"index":"index","follow":"follow","max-snippet":"max-snippet:-1","max-image-preview":"max-image-preview:large","max-video-preview":"max-video-preview:-1"},"canonical":"https:\/\/latavernemeribel.com\/fr\/infos\/","og_locale":"fr_FR","og_type":"article","og_title":"R\u00e9servez un restaurant \u00e0 M\u00e9ribel - La taverne","og_description":"R\u00e9servez une table ou une chambre \u00e0 Meribel. Profitez de vos vacances dans les Alpes \u00e0 La Taverne Meribel.","og_url":"https:\/\/latavernemeribel.com\/fr\/infos\/","og_site_name":"La Taverne Meribel","article_modified_time":"2024-12-11T12:24:28+00:00","twitter_card":"summary_large_image","twitter_misc":{"Dur\u00e9e de lecture estim\u00e9e":"1 minute"},"schema":{"@context":"https:\/\/schema.org","@graph":[{"@type":"WebPage","@id":"https:\/\/latavernemeribel.com\/fr\/infos\/","url":"https:\/\/latavernemeribel.com\/fr\/infos\/","name":"R\u00e9servez un restaurant \u00e0 M\u00e9ribel - La taverne","isPartOf":{"@id":"https:\/\/latavernemeribel.com\/#website"},"datePublished":"2018-10-26T09:05:10+00:00","dateModified":"2024-12-11T12:24:28+00:00","description":"R\u00e9servez une table ou une chambre \u00e0 Meribel. Profitez de vos vacances dans les Alpes \u00e0 La Taverne Meribel.","breadcrumb":{"@id":"https:\/\/latavernemeribel.com\/fr\/infos\/#breadcrumb"},"inLanguage":"fr-FR","potentialAction":[{"@type":"ReadAction","target":["https:\/\/latavernemeribel.com\/fr\/infos\/"]}]},{"@type":"BreadcrumbList","@id":"https:\/\/latavernemeribel.com\/fr\/infos\/#breadcrumb","itemListElement":[{"@type":"ListItem","position":1,"name":"Home","item":"https:\/\/latavernemeribel.com\/fr\/"},{"@type":"ListItem","position":2,"name":"Infos"}]},{"@type":"WebSite","@id":"https:\/\/latavernemeribel.com\/#website","url":"https:\/\/latavernemeribel.com\/","name":"La Taverne - Meribel","description":"Bar, Restaurant &amp; Rooms","publisher":{"@id":"https:\/\/latavernemeribel.com\/#organization"},"potentialAction":[{"@type":"SearchAction","target":{"@type":"EntryPoint","urlTemplate":"https:\/\/latavernemeribel.com\/?s={search_term_string}"},"query-input":"required name=search_term_string"}],"inLanguage":"fr-FR"},{"@type":"Organization","@id":"https:\/\/latavernemeribel.com\/#organization","name":"La Taverne","url":"https:\/\/latavernemeribel.com\/","logo":{"@type":"ImageObject","inLanguage":"fr-FR","@id":"https:\/\/latavernemeribel.com\/#\/schema\/logo\/image\/","url":"https:\/\/latavernemeribel.com\/wp-content\/uploads\/2018\/12\/cropped-LA-TAVERNE-VITRINE.png","contentUrl":"https:\/\/latavernemeribel.com\/wp-content\/uploads\/2018\/12\/cropped-LA-TAVERNE-VITRINE.png","width":562,"height":250,"caption":"La Taverne"},"image":{"@id":"https:\/\/latavernemeribel.com\/#\/schema\/logo\/image\/"}}]}},"publishpress_future_action":{"enabled":false,"date":"2026-04-21 16:47:00","action":"draft","terms":[],"taxonomy":""},"_links":{"self":[{"href":"https:\/\/latavernemeribel.com\/fr\/wp-json\/wp\/v2\/pages\/2"}],"collection":[{"href":"https:\/\/latavernemeribel.com\/fr\/wp-json\/wp\/v2\/pages"}],"about":[{"href":"https:\/\/latavernemeribel.com\/fr\/wp-json\/wp\/v2\/types\/page"}],"author":[{"embeddable":true,"href":"https:\/\/latavernemeribel.com\/fr\/wp-json\/wp\/v2\/users\/4"}],"replies":[{"embeddable":true,"href":"https:\/\/latavernemeribel.com\/fr\/wp-json\/wp\/v2\/comments?post=2"}],"version-history":[{"count":50,"href":"https:\/\/latavernemeribel.com\/fr\/wp-json\/wp\/v2\/pages\/2\/revisions"}],"predecessor-version":[{"id":1471,"href":"https:\/\/latavernemeribel.com\/fr\/wp-json\/wp\/v2\/pages\/2\/revisions\/1471"}],"wp:attachment":[{"href":"https:\/\/latavernemeribel.com\/fr\/wp-json\/wp\/v2\/media?parent=2"}],"curies":[{"name":"wp","href":"https:\/\/api.w.org\/{rel}","templated":true}]}}