{"id":471,"date":"2019-01-09T15:26:13","date_gmt":"2019-01-09T14:26:13","guid":{"rendered":"https:\/\/latavernemeribel.com\/?page_id=471"},"modified":"2026-01-26T12:11:23","modified_gmt":"2026-01-26T11:11:23","slug":"la-taverne-bar-bistro-chambres-meribel","status":"publish","type":"page","link":"https:\/\/latavernemeribel.com\/fr\/","title":{"rendered":"Home"},"content":{"rendered":"<div class=\"wpb-content-wrapper\"><p>[vc_row full_width=\u00a0\u00bbstretch_row\u00a0\u00bb full_height=\u00a0\u00bbyes\u00a0\u00bb css_animation=\u00a0\u00bbnone\u00a0\u00bb el_id=\u00a0\u00bbh1&Prime; css=\u00a0\u00bb.vc_custom_1740218676448{background-image: url(https:\/\/latavernemeribel.com\/wp-content\/uploads\/2018\/12\/LA-TAVERNE-BUILDING-.2.jpg?id=416) !important;background-position: center !important;background-repeat: no-repeat !important;background-size: cover !important;}\u00a0\u00bb el_class=\u00a0\u00bbscrollable-section\u00a0\u00bb][vc_column][vc_row_inner][vc_column_inner el_id=\u00a0\u00bblogo-img\u00a0\u00bb][vc_single_image image=\u00a0\u00bb419&Prime; img_size=\u00a0\u00bbfull\u00a0\u00bb alignment=\u00a0\u00bbcenter\u00a0\u00bb css_animation=\u00a0\u00bbnone\u00a0\u00bb][\/vc_column_inner][\/vc_row_inner][vc_row_inner][vc_column_inner width=\u00a0\u00bb1\/3&Prime;][vc_btn title=\u00a0\u00bbBar\u00a0\u00bb align=\u00a0\u00bbcenter\u00a0\u00bb button_block=\u00a0\u00bbtrue\u00a0\u00bb link=\u00a0\u00bburl:https%3A%2F%2Flatavernemeribel.com%2Ffr%2Fbar-taverne%2F|title:Bar%20La%20Taverne\u00a0\u00bb el_class=\u00a0\u00bbscrollto\u00a0\u00bb][\/vc_column_inner][vc_column_inner width=\u00a0\u00bb1\/3&Prime;][vc_btn title=\u00a0\u00bbBistro\u00a0\u00bb align=\u00a0\u00bbcenter\u00a0\u00bb button_block=\u00a0\u00bbtrue\u00a0\u00bb link=\u00a0\u00bburl:%23h3|||\u00a0\u00bb el_class=\u00a0\u00bbscrollto\u00a0\u00bb][\/vc_column_inner][vc_column_inner width=\u00a0\u00bb1\/3&Prime;][vc_btn title=\u00a0\u00bbChambres\u00a0\u00bb align=\u00a0\u00bbcenter\u00a0\u00bb button_block=\u00a0\u00bbtrue\u00a0\u00bb link=\u00a0\u00bburl:%23h4|||\u00a0\u00bb el_class=\u00a0\u00bbscrollto\u00a0\u00bb][\/vc_column_inner][\/vc_row_inner][vc_column_text]<\/p>\n<h2 style=\"text-align: center;\">La Taverne<\/h2>\n<p>La Taverne Bar &amp; Bistro, lieu tr\u00e8s connu des locaux, est ouvert depuis la nuit des temps. Il est devenu tr\u00e8s vite l\u2019un des bars favoris de M\u00e9ribel. Avec son int\u00e9rieur original v\u00eatu de bois et son atmosph\u00e8re chaleureuse, le bar r\u00e9unit l\u2019essentiel d\u2019un pub. De succulents plats servis tous les jours, de la musique en live r\u00e9guli\u00e8rement et une s\u00e9lection des meilleurs \u00e9v\u00e9nements sportifs. La Taverne est un <em>hotspot<\/em> \u00e9nerg\u00e9tique pour tous.<\/p>\n<p>Durant la soir\u00e9e, dirigez-vous vers le bistrot, plus intimiste pour savourer un plat signature, l\u2019un de leurs incontournables steaks, ou\u00a0 laissez-vous tenter par un des sp\u00e9cialit\u00e9s savoyardes (fondue, raclette) !<\/p>\n<p>Si vous recherchez un logement abordable, d\u00e9couvrez leurs chambres aux pieds des pistes, agr\u00e9ables, simples et \u00e0 proximit\u00e9 de tout.[\/vc_column_text][\/vc_column][\/vc_row][vc_row full_width=\u00a0\u00bbstretch_row\u00a0\u00bb full_height=\u00a0\u00bbyes\u00a0\u00bb parallax=\u00a0\u00bbcontent-moving-fade\u00a0\u00bb parallax_speed_bg=\u00a0\u00bb1.1&Prime; css_animation=\u00a0\u00bbnone\u00a0\u00bb el_id=\u00a0\u00bbh2&Prime; css=\u00a0\u00bb.vc_custom_1740218688632{background: #0a0a0a url(https:\/\/latavernemeribel.com\/wp-content\/uploads\/2018\/12\/Meribel-soundclash136.jpg?id=411);background-position: center;background-repeat: no-repeat !important;background-size: cover !important;}\u00a0\u00bb el_class=\u00a0\u00bbscrollable-section\u00a0\u00bb][vc_column][vc_column_text]<\/p>\n<h2 style=\"text-align: center;\">BAR<\/h2>\n<p>Le c\u00e9l\u00e8bre Taverne bar, \u00a0au c\u0153ur de M\u00e9ribel avec un bar complet et une carte des vins finement s\u00e9lectionn\u00e9s, repr\u00e9sente le parfait \u00e9quilibre entre confort et d\u00e9tente avec une touche de folie.<\/p>\n<p>Profitez de votre apr\u00e8s-ski avec une bi\u00e8re, arr\u00eatez vous pour prendre le caf\u00e9 du matin, surfez sur le web gr\u00e2ce \u00e0 notre Wifi, ou terminez la soir\u00e9e dans le bistrot bar accompagn\u00e9 d\u2019un shot maison ou d\u2019un cocktail savoureux.[\/vc_column_text][vc_row_inner][vc_column_inner width=\u00a0\u00bb1\/2&Prime;][vc_btn title=\u00a0\u00bbBOISSONS\u00a0\u00bb align=\u00a0\u00bbcenter\u00a0\u00bb button_block=\u00a0\u00bbtrue\u00a0\u00bb link=\u00a0\u00bburl:https%3A%2F%2Fm.appero.co%2F%2390d385fb-fcc4-45d6-8085-a74b76ed4d27|target:_blank\u00a0\u00bb][\/vc_column_inner][vc_column_inner width=\u00a0\u00bb1\/2&Prime;][vc_btn title=\u00a0\u00bbA VENIR\u00a0\u00bb link=\u00a0\u00bburl:https%3A%2F%2Flatavernemeribel.com%2Ffr%2Fevenements%2F|title:Ev%C3%A9nements|target:_blank\u00a0\u00bb][\/vc_column_inner][\/vc_row_inner][\/vc_column][\/vc_row][vc_row full_width=\u00a0\u00bbstretch_row\u00a0\u00bb full_height=\u00a0\u00bbyes\u00a0\u00bb parallax=\u00a0\u00bbcontent-moving\u00a0\u00bb css_animation=\u00a0\u00bbfadeIn\u00a0\u00bb el_id=\u00a0\u00bbh3&Prime; css=\u00a0\u00bb.vc_custom_1740218702253{background: #0a0a0a url(https:\/\/latavernemeribel.com\/wp-content\/uploads\/2018\/12\/LA-TAVERNE-BISTRO-FOOD-4.jpg?id=412);background-position: center;background-repeat: no-repeat !important;background-size: cover !important;}\u00a0\u00bb el_class=\u00a0\u00bbscrollable-section\u00a0\u00bb][vc_column][vc_column_text]<\/p>\n<h2 style=\"text-align: center;\">BISTRO<\/h2>\n<p>Lieu favori des locaux et des touristes, le restaurant La Taverne pr\u00e9sente un style bistrot de qualit\u00e9 tous les jours de 09h \u00e0 22h. R\u00e9galez vous avec un d\u00e9jeuner bien g\u00e9n\u00e9reux ou un d\u00e9licieux d\u00eener le soir soir. Petite faim? Le menu snack est servi non-stop!<\/p>\n<p>Entre le menu enfant, le hamburger gastronomique et les sp\u00e9cialit\u00e9s v\u00e9g\u00e9tariennes, La Taverne vient compl\u00e9ter les sp\u00e9cialit\u00e9s locales avec son bistrot moderne. Les plus gourmands seront bienheureux !!!!!<\/p>\n<p>Pour vous garantir une bonne soir\u00e9e, r\u00e9servez votre table d\u00e8s aujourd\u2019hui.[\/vc_column_text][vc_row_inner][vc_column_inner width=\u00a0\u00bb1\/2&Prime;][vc_btn title=\u00a0\u00bbMENU\u00a0\u00bb align=\u00a0\u00bbcenter\u00a0\u00bb button_block=\u00a0\u00bbtrue\u00a0\u00bb link=\u00a0\u00bburl:https%3A%2F%2Fm.appero.co%2F%2390d385fb-fcc4-45d6-8085-a74b76ed4d27|target:_blank\u00a0\u00bb][\/vc_column_inner][vc_column_inner width=\u00a0\u00bb1\/2&Prime;][vc_btn title=\u00a0\u00bbRESERVEZ\u00a0\u00bb align=\u00a0\u00bbcenter\u00a0\u00bb button_block=\u00a0\u00bbtrue\u00a0\u00bb link=\u00a0\u00bburl:https%3A%2F%2Fbookings.zenchef.com%2Fresults%3Frid%3D368816%26pid%3D1001|target:_blank\u00a0\u00bb][\/vc_column_inner][\/vc_row_inner][\/vc_column][\/vc_row][vc_row full_width=\u00a0\u00bbstretch_row\u00a0\u00bb full_height=\u00a0\u00bbyes\u00a0\u00bb parallax=\u00a0\u00bbcontent-moving\u00a0\u00bb css_animation=\u00a0\u00bbfadeIn\u00a0\u00bb css=\u00a0\u00bb.vc_custom_1740218710035{background: #0a0a0a url(https:\/\/latavernemeribel.com\/wp-content\/uploads\/2018\/12\/LA-TAVERNE-HOTEL-ROOM-VIEW.jpg?id=413);background-position: center;background-repeat: no-repeat !important;background-size: cover !important;}\u00a0\u00bb el_class=\u00a0\u00bbscrollable-section\u00a0\u00bb el_id=\u00a0\u00bbh4&Prime;][vc_column][vc_column_text]<\/p>\n<h2 style=\"text-align: center;\">CHAMBRES<\/h2>\n<p>Propres, confortables, et abordables, <a href=\"https:\/\/latavernemeribel.com\/fr\/chambres\/\" target=\"_blank\" rel=\"noopener\">les chambres<\/a> avec sanitaires simple, double ou triple sont accessibles \u00e0 tous les budgets. Elles sont parfaites pour une semaine agr\u00e9able en duo ou un long weekend entre amis.[\/vc_column_text][vc_row_inner][vc_column_inner][vc_btn title=\u00a0\u00bbR\u00c9SERVATION\u00a0\u00bb align=\u00a0\u00bbcenter\u00a0\u00bb button_block=\u00a0\u00bbtrue\u00a0\u00bb link=\u00a0\u00bburl:https%3A%2F%2Fwww.booking.com%2FShare-Kcv53kF|target:_blank\u00a0\u00bb][\/vc_column_inner][\/vc_row_inner][vc_row_inner][vc_column_inner][\/vc_column_inner][\/vc_row_inner][\/vc_column][\/vc_row][vc_row full_width=\u00a0\u00bbstretch_row\u00a0\u00bb gap=\u00a0\u00bb30&Prime; full_height=\u00a0\u00bbyes\u00a0\u00bb content_placement=\u00a0\u00bbmiddle\u00a0\u00bb parallax=\u00a0\u00bbcontent-moving\u00a0\u00bb css_animation=\u00a0\u00bbnone\u00a0\u00bb el_id=\u00a0\u00bbh5&Prime; css=\u00a0\u00bb.vc_custom_1740218718938{background-image: url(https:\/\/latavernemeribel.com\/wp-content\/uploads\/2018\/12\/LA-TAVERNE-BISTRO-2.jpg?id=415) !important;background-position: center;background-repeat: no-repeat !important;background-size: cover !important;}\u00a0\u00bb el_class=\u00a0\u00bbscrollable-section\u00a0\u00bb][vc_column][vc_row_inner][vc_column_inner][vc_column_text]<\/p>\n<h2 style=\"text-align: center;\">MUSIQUE ET EVENEMENTS A LA TAVERNE<\/h2>\n<p>[\/vc_column_text][\/vc_column_inner][\/vc_row_inner][vc_row_inner][vc_column_inner width=\u00a0\u00bb1\/4&Prime;][vc_btn title=\u00a0\u00bbMUSIQUE\u00a0\u00bb link=\u00a0\u00bburl:https%3A%2F%2Flatavernemeribel.com%2Ffr%2Fevents-fr%2Flive-music-taverne-meribel%2F|target:_blank\u00a0\u00bb][\/vc_column_inner][vc_column_inner width=\u00a0\u00bb1\/4&Prime;][vc_btn title=\u00a0\u00bbFUN-DO SUNDAY\u00a0\u00bb link=\u00a0\u00bburl:https%3A%2F%2Flatavernemeribel.com%2Fevents%2Fcheese-night-fundo-sundays%2F|target:_blank\u00a0\u00bb][\/vc_column_inner][vc_column_inner width=\u00a0\u00bb1\/4&Prime;][vc_btn title=\u00a0\u00bbA VENIR\u00a0\u00bb link=\u00a0\u00bburl:https%3A%2F%2Flatavernemeribel.com%2Ffr%2Fevenements%2F|title:Ev%C3%A9nements|target:_blank\u00a0\u00bb][\/vc_column_inner][vc_column_inner width=\u00a0\u00bb1\/4&Prime;][vc_btn title=\u00a0\u00bbSOUND CLASH\u00a0\u00bb link=\u00a0\u00bburl:https%3A%2F%2Flatavernemeribel.com%2Fevents%2Fsound-clash-dj-battle-street-party%2F|target:_blank\u00a0\u00bb][\/vc_column_inner][\/vc_row_inner][\/vc_column][\/vc_row][vc_row full_width=\u00a0\u00bbstretch_row_content\u00a0\u00bb gap=\u00a0\u00bb30&Prime; full_height=\u00a0\u00bbyes\u00a0\u00bb parallax=\u00a0\u00bbcontent-moving\u00a0\u00bb css_animation=\u00a0\u00bbnone\u00a0\u00bb css=\u00a0\u00bb.vc_custom_1740218767432{background-image: url(https:\/\/latavernemeribel.com\/wp-content\/uploads\/2023\/12\/visuel-sport-home-22.png?id=1349) !important;background-position: 0 0;background-repeat: no-repeat !important;}\u00a0\u00bb el_class=\u00a0\u00bbscrollable-section\u00a0\u00bb][vc_column][vc_column_text]<span style=\"color: #ffffff;\"><span id=\"p0\">\u00a0La Taverne est un grand bar sportif o\u00f9 chaque retransmission de grandes comp\u00e9titions sur nos grands \u00e9crans\u00a0<span id=\"2\">sont<\/span>\u00a0des \u00e9v\u00e9nements attirant les foules de supporters :<\/span><span id=\"p1\">\u00a0consultez notre agenda sportif et venez vibrer autour d\u2019une pinte de bi\u00e8re.<\/span><\/span>[\/vc_column_text][vc_raw_html]JTNDaWZyYW1lJTBBJTIwJTIwc3JjJTNEJTIyaHR0cHMlM0ElMkYlMkZ3aWRnZXQuZmFuem8uY29tJTJGJTNGaWQlM0QxNDMzMzMlMjIlMEElMjAlMjB3aWR0aCUzRCUyMjEwMCUyNSUyMiUwQSUyMCUyMGhlaWdodCUzRCUyMjgwMHB4JTIyJTBBJTIwJTIwZnJhbWVCb3JkZXIlM0QlMjIwJTIyJTNFJTBBJTNDJTJGaWZyYW1lJTNF[\/vc_raw_html][\/vc_column][\/vc_row][vc_row el_class=\u00a0\u00bbscrollable-section\u00a0\u00bb][vc_column][vc_raw_html]JTNDaWZyYW1lJTIwc3JjJTNEJTI3aHR0cHMlM0ElMkYlMkZib29raW5ncy56ZW5jaGVmLmNvbSUyRnJlc3VsdHMlM0ZyaWQlM0QzNjg4MTYlMjZmdWxsc2NyZWVuJTNEMSUyNyUyMGZyYW1lYm9yZGVyJTNEJTI3MCUyNyUyMHNjcm9sbGluZyUzRCUyN3llcyUyNyUyMHdpZHRoJTNEJTI3MTAwJTI1JTI3JTIwaGVpZ2h0JTNEJTI3NjMwJTI3JTIwc3R5bGUlM0QlMjdkaXNwbGF5JTNBJTIwYmxvY2slM0IlMjBtYXJnaW4lM0ElMjAwJTIwYXV0byUzQiUyMG1heC13aWR0aCUzQSUyMDYwMHB4JTNCJTIwaGVpZ2h0JTNBNjMwcHglM0IlMjclM0UlM0MlMkZpZnJhbWUlM0U=[\/vc_raw_html][\/vc_column][\/vc_row][vc_row el_class=\u00a0\u00bbscrollable-section\u00a0\u00bb][vc_column][vc_raw_html]JTNDJTIxLS0lMjBaZW5jaGVmJTIwV2lkZ2V0JTIwU0RLJTIwLS0lM0UlMEElM0NzY3JpcHQlM0UlM0IlMjhmdW5jdGlvbiUyMCUyOGQlMkMlMjBzJTJDJTIwaWQlMjklMjAlN0Jjb25zdCUyMGVsJTIwJTNEJTIwZC5nZXRFbGVtZW50c0J5VGFnTmFtZSUyOHMlMjklNUIwJTVEJTNCJTIwaWYlMjAlMjhkLmdldEVsZW1lbnRCeUlkJTI4aWQlMjklMjAlN0MlN0MlMjBlbC5wYXJlbnROb2RlJTIwJTNEJTNEJTIwbnVsbCUyOSUyMCU3QnJldHVybiUzQiU3RCUyMHZhciUyMGpzJTIwJTNEJTIwZC5jcmVhdGVFbGVtZW50JTI4cyUyOSUzQiUyMGpzLmlkJTIwJTNEJTIwaWQlM0IlMjBqcy5hc3luYyUyMCUzRCUyMHRydWUlM0IlMjBqcy5zcmMlMjAlM0QlMjAlMjdodHRwcyUzQSUyRiUyRnNkay56ZW5jaGVmLmNvbSUyRnYxJTJGc2RrLm1pbi5qcyUyNyUzQiUyMGVsLnBhcmVudE5vZGUuaW5zZXJ0QmVmb3JlJTI4anMlMkMlMjBlbCUyOSUzQiUyMCU3RCUyOSUyOGRvY3VtZW50JTJDJTIwJTI3c2NyaXB0JTI3JTJDJTIwJTI3emVuY2hlZi1zZGslMjclMjklM0MlMkZzY3JpcHQlM0UlMEElM0NkaXYlMEFjbGFzcyUzRCUyMnpjLXdpZGdldC1jb25maWclMjIlMEFkYXRhLXJlc3RhdXJhbnQlM0QlMjIzNjg4MTYlMjIlM0UlM0MlMkZkaXYlM0UlMEE=[\/vc_raw_html][\/vc_column][\/vc_row]<\/p>\n<\/div>","protected":false},"excerpt":{"rendered":"<p>[vc_row full_width=\u00a0\u00bbstretch_row\u00a0\u00bb full_height=\u00a0\u00bbyes\u00a0\u00bb css_animation=\u00a0\u00bbnone\u00a0\u00bb el_id=\u00a0\u00bbh1&Prime; css=\u00a0\u00bb.vc_custom_1740218676448{background-image: url(https:\/\/latavernemeribel.com\/wp-content\/uploads\/2018\/12\/LA-TAVERNE-BUILDING-.2.jpg?id=416) !important;background-position: center !important;background-repeat: no-repeat !important;background-size: cover !important;}\u00a0\u00bb el_class=\u00a0\u00bbscrollable-section\u00a0\u00bb][vc_column][vc_row_inner][vc_column_inner el_id=\u00a0\u00bblogo-img\u00a0\u00bb][vc_single_image image=\u00a0\u00bb419&Prime; img_size=\u00a0\u00bbfull\u00a0\u00bb alignment=\u00a0\u00bbcenter\u00a0\u00bb css_animation=\u00a0\u00bbnone\u00a0\u00bb][\/vc_column_inner][\/vc_row_inner][vc_row_inner][vc_column_inner width=\u00a0\u00bb1\/3&Prime;][vc_btn title=\u00a0\u00bbBar\u00a0\u00bb align=\u00a0\u00bbcenter\u00a0\u00bb button_block=\u00a0\u00bbtrue\u00a0\u00bb link=\u00a0\u00bburl:https%3A%2F%2Flatavernemeribel.com%2Ffr%2Fbar-taverne%2F|title:Bar%20La%20Taverne\u00a0\u00bb el_class=\u00a0\u00bbscrollto\u00a0\u00bb][\/vc_column_inner][vc_column_inner width=\u00a0\u00bb1\/3&Prime;][vc_btn title=\u00a0\u00bbBistro\u00a0\u00bb align=\u00a0\u00bbcenter\u00a0\u00bb button_block=\u00a0\u00bbtrue\u00a0\u00bb link=\u00a0\u00bburl:%23h3|||\u00a0\u00bb el_class=\u00a0\u00bbscrollto\u00a0\u00bb][\/vc_column_inner][vc_column_inner width=\u00a0\u00bb1\/3&Prime;][vc_btn title=\u00a0\u00bbChambres\u00a0\u00bb align=\u00a0\u00bbcenter\u00a0\u00bb button_block=\u00a0\u00bbtrue\u00a0\u00bb link=\u00a0\u00bburl:%23h4|||\u00a0\u00bb el_class=\u00a0\u00bbscrollto\u00a0\u00bb][\/vc_column_inner][\/vc_row_inner][vc_column_text] La Taverne La Taverne Bar &amp; Bistro, lieu tr\u00e8s connu des locaux, est ouvert depuis la nuit &hellip; <\/p>\n<p class=\"link-more\"><a href=\"https:\/\/latavernemeribel.com\/fr\/\" class=\"more-link\">Continuer la lecture<span class=\"screen-reader-text\"> de &laquo;&nbsp;Home&nbsp;&raquo;<\/span><\/a><\/p>\n","protected":false},"author":4,"featured_media":0,"parent":0,"menu_order":0,"comment_status":"closed","ping_status":"closed","template":"","meta":{"footnotes":""},"yoast_head":"<!-- This site is optimized with the Yoast SEO plugin v21.8 - https:\/\/yoast.com\/wordpress\/plugins\/seo\/ -->\n<title>La Taverne Bar, Bistro et Chambres, l\u2019un des bars favoris de M\u00e9ribel<\/title>\n<meta name=\"description\" content=\"La Taverne Bar, Bistro &amp; ChambresM\u00e9ribel, le lieu favori des locaux et des touristes. Un hotspot \u00e9nerg\u00e9tique pour tous.\" \/>\n<meta name=\"robots\" content=\"index, follow, max-snippet:-1, max-image-preview:large, max-video-preview:-1\" \/>\n<link rel=\"canonical\" href=\"https:\/\/latavernemeribel.com\/fr\/\" \/>\n<meta property=\"og:locale\" content=\"fr_FR\" \/>\n<meta property=\"og:type\" content=\"article\" \/>\n<meta property=\"og:title\" content=\"La Taverne Bar, Bistro et Chambres, l\u2019un des bars favoris de M\u00e9ribel\" \/>\n<meta property=\"og:description\" content=\"La Taverne Bar, Bistro &amp; ChambresM\u00e9ribel, le lieu favori des locaux et des touristes. Un hotspot \u00e9nerg\u00e9tique pour tous.\" \/>\n<meta property=\"og:url\" content=\"https:\/\/latavernemeribel.com\/fr\/\" \/>\n<meta property=\"og:site_name\" content=\"La Taverne Meribel\" \/>\n<meta property=\"article:modified_time\" content=\"2026-01-26T11:11:23+00:00\" \/>\n<meta name=\"twitter:card\" content=\"summary_large_image\" \/>\n<meta name=\"twitter:label1\" content=\"Dur\u00e9e de lecture estim\u00e9e\" \/>\n\t<meta name=\"twitter:data1\" content=\"3 minutes\" \/>\n<script type=\"application\/ld+json\" class=\"yoast-schema-graph\">{\"@context\":\"https:\/\/schema.org\",\"@graph\":[{\"@type\":\"WebPage\",\"@id\":\"https:\/\/latavernemeribel.com\/fr\/\",\"url\":\"https:\/\/latavernemeribel.com\/fr\/\",\"name\":\"La Taverne Bar, Bistro et Chambres, l\u2019un des bars favoris de M\u00e9ribel\",\"isPartOf\":{\"@id\":\"https:\/\/latavernemeribel.com\/#website\"},\"datePublished\":\"2019-01-09T14:26:13+00:00\",\"dateModified\":\"2026-01-26T11:11:23+00:00\",\"description\":\"La Taverne Bar, Bistro & ChambresM\u00e9ribel, le lieu favori des locaux et des touristes. Un hotspot \u00e9nerg\u00e9tique pour tous.\",\"breadcrumb\":{\"@id\":\"https:\/\/latavernemeribel.com\/fr\/#breadcrumb\"},\"inLanguage\":\"fr-FR\",\"potentialAction\":[{\"@type\":\"ReadAction\",\"target\":[\"https:\/\/latavernemeribel.com\/fr\/\"]}]},{\"@type\":\"BreadcrumbList\",\"@id\":\"https:\/\/latavernemeribel.com\/fr\/#breadcrumb\",\"itemListElement\":[{\"@type\":\"ListItem\",\"position\":1,\"name\":\"Home\",\"item\":\"https:\/\/latavernemeribel.com\/fr\/\"},{\"@type\":\"ListItem\",\"position\":2,\"name\":\"Home\"}]},{\"@type\":\"WebSite\",\"@id\":\"https:\/\/latavernemeribel.com\/#website\",\"url\":\"https:\/\/latavernemeribel.com\/\",\"name\":\"La Taverne - Meribel\",\"description\":\"Bar, Restaurant &amp; Rooms\",\"publisher\":{\"@id\":\"https:\/\/latavernemeribel.com\/#organization\"},\"potentialAction\":[{\"@type\":\"SearchAction\",\"target\":{\"@type\":\"EntryPoint\",\"urlTemplate\":\"https:\/\/latavernemeribel.com\/?s={search_term_string}\"},\"query-input\":\"required name=search_term_string\"}],\"inLanguage\":\"fr-FR\"},{\"@type\":\"Organization\",\"@id\":\"https:\/\/latavernemeribel.com\/#organization\",\"name\":\"La Taverne\",\"url\":\"https:\/\/latavernemeribel.com\/\",\"logo\":{\"@type\":\"ImageObject\",\"inLanguage\":\"fr-FR\",\"@id\":\"https:\/\/latavernemeribel.com\/#\/schema\/logo\/image\/\",\"url\":\"https:\/\/latavernemeribel.com\/wp-content\/uploads\/2018\/12\/cropped-LA-TAVERNE-VITRINE.png\",\"contentUrl\":\"https:\/\/latavernemeribel.com\/wp-content\/uploads\/2018\/12\/cropped-LA-TAVERNE-VITRINE.png\",\"width\":562,\"height\":250,\"caption\":\"La Taverne\"},\"image\":{\"@id\":\"https:\/\/latavernemeribel.com\/#\/schema\/logo\/image\/\"}}]}<\/script>\n<!-- \/ Yoast SEO plugin. -->","yoast_head_json":{"title":"La Taverne Bar, Bistro et Chambres, l\u2019un des bars favoris de M\u00e9ribel","description":"La Taverne Bar, Bistro & ChambresM\u00e9ribel, le lieu favori des locaux et des touristes. Un hotspot \u00e9nerg\u00e9tique pour tous.","robots":{"index":"index","follow":"follow","max-snippet":"max-snippet:-1","max-image-preview":"max-image-preview:large","max-video-preview":"max-video-preview:-1"},"canonical":"https:\/\/latavernemeribel.com\/fr\/","og_locale":"fr_FR","og_type":"article","og_title":"La Taverne Bar, Bistro et Chambres, l\u2019un des bars favoris de M\u00e9ribel","og_description":"La Taverne Bar, Bistro & ChambresM\u00e9ribel, le lieu favori des locaux et des touristes. Un hotspot \u00e9nerg\u00e9tique pour tous.","og_url":"https:\/\/latavernemeribel.com\/fr\/","og_site_name":"La Taverne Meribel","article_modified_time":"2026-01-26T11:11:23+00:00","twitter_card":"summary_large_image","twitter_misc":{"Dur\u00e9e de lecture estim\u00e9e":"3 minutes"},"schema":{"@context":"https:\/\/schema.org","@graph":[{"@type":"WebPage","@id":"https:\/\/latavernemeribel.com\/fr\/","url":"https:\/\/latavernemeribel.com\/fr\/","name":"La Taverne Bar, Bistro et Chambres, l\u2019un des bars favoris de M\u00e9ribel","isPartOf":{"@id":"https:\/\/latavernemeribel.com\/#website"},"datePublished":"2019-01-09T14:26:13+00:00","dateModified":"2026-01-26T11:11:23+00:00","description":"La Taverne Bar, Bistro & ChambresM\u00e9ribel, le lieu favori des locaux et des touristes. Un hotspot \u00e9nerg\u00e9tique pour tous.","breadcrumb":{"@id":"https:\/\/latavernemeribel.com\/fr\/#breadcrumb"},"inLanguage":"fr-FR","potentialAction":[{"@type":"ReadAction","target":["https:\/\/latavernemeribel.com\/fr\/"]}]},{"@type":"BreadcrumbList","@id":"https:\/\/latavernemeribel.com\/fr\/#breadcrumb","itemListElement":[{"@type":"ListItem","position":1,"name":"Home","item":"https:\/\/latavernemeribel.com\/fr\/"},{"@type":"ListItem","position":2,"name":"Home"}]},{"@type":"WebSite","@id":"https:\/\/latavernemeribel.com\/#website","url":"https:\/\/latavernemeribel.com\/","name":"La Taverne - Meribel","description":"Bar, Restaurant &amp; Rooms","publisher":{"@id":"https:\/\/latavernemeribel.com\/#organization"},"potentialAction":[{"@type":"SearchAction","target":{"@type":"EntryPoint","urlTemplate":"https:\/\/latavernemeribel.com\/?s={search_term_string}"},"query-input":"required name=search_term_string"}],"inLanguage":"fr-FR"},{"@type":"Organization","@id":"https:\/\/latavernemeribel.com\/#organization","name":"La Taverne","url":"https:\/\/latavernemeribel.com\/","logo":{"@type":"ImageObject","inLanguage":"fr-FR","@id":"https:\/\/latavernemeribel.com\/#\/schema\/logo\/image\/","url":"https:\/\/latavernemeribel.com\/wp-content\/uploads\/2018\/12\/cropped-LA-TAVERNE-VITRINE.png","contentUrl":"https:\/\/latavernemeribel.com\/wp-content\/uploads\/2018\/12\/cropped-LA-TAVERNE-VITRINE.png","width":562,"height":250,"caption":"La Taverne"},"image":{"@id":"https:\/\/latavernemeribel.com\/#\/schema\/logo\/image\/"}}]}},"publishpress_future_action":{"enabled":false,"date":"2026-04-29 16:09:08","action":"draft","terms":[],"taxonomy":""},"_links":{"self":[{"href":"https:\/\/latavernemeribel.com\/fr\/wp-json\/wp\/v2\/pages\/471"}],"collection":[{"href":"https:\/\/latavernemeribel.com\/fr\/wp-json\/wp\/v2\/pages"}],"about":[{"href":"https:\/\/latavernemeribel.com\/fr\/wp-json\/wp\/v2\/types\/page"}],"author":[{"embeddable":true,"href":"https:\/\/latavernemeribel.com\/fr\/wp-json\/wp\/v2\/users\/4"}],"replies":[{"embeddable":true,"href":"https:\/\/latavernemeribel.com\/fr\/wp-json\/wp\/v2\/comments?post=471"}],"version-history":[{"count":47,"href":"https:\/\/latavernemeribel.com\/fr\/wp-json\/wp\/v2\/pages\/471\/revisions"}],"predecessor-version":[{"id":1625,"href":"https:\/\/latavernemeribel.com\/fr\/wp-json\/wp\/v2\/pages\/471\/revisions\/1625"}],"wp:attachment":[{"href":"https:\/\/latavernemeribel.com\/fr\/wp-json\/wp\/v2\/media?parent=471"}],"curies":[{"name":"wp","href":"https:\/\/api.w.org\/{rel}","templated":true}]}}