{"id":474,"date":"2019-01-09T15:31:12","date_gmt":"2019-01-09T14:31:12","guid":{"rendered":"https:\/\/latavernemeribel.com\/?page_id=474"},"modified":"2022-04-28T17:57:40","modified_gmt":"2022-04-28T15:57:40","slug":"a-propos","status":"publish","type":"page","link":"https:\/\/latavernemeribel.com\/fr\/a-propos\/","title":{"rendered":"A propos"},"content":{"rendered":"<div class=\"wpb-content-wrapper\"><p>[vc_row full_width=\u00a0\u00bbstretch_row_content\u00a0\u00bb full_height=\u00a0\u00bbyes\u00a0\u00bb el_class=\u00a0\u00bbscrollable-section\u00a0\u00bb][vc_column][vc_empty_space height=\u00a0\u00bb40px\u00a0\u00bb][vc_custom_heading source=\u00a0\u00bbpost_title\u00a0\u00bb font_container=\u00a0\u00bbtag:h2|text_align:center\u00a0\u00bb use_theme_fonts=\u00a0\u00bbyes\u00a0\u00bb][vc_row_inner equal_height=\u00a0\u00bbyes\u00a0\u00bb content_placement=\u00a0\u00bbtop\u00a0\u00bb css=\u00a0\u00bb.vc_custom_1541520506989{background-color: #ffffff !important;}\u00a0\u00bb][vc_column_inner el_class=\u00a0\u00bboutlined\u00a0\u00bb width=\u00a0\u00bb1\/2&Prime; css=\u00a0\u00bb.vc_custom_1544029990162{margin-top: 30px !important;margin-right: 30px !important;margin-bottom: 30px !important;margin-left: 30px !important;padding-top: 30px !important;padding-right: 30px !important;padding-bottom: 30px !important;padding-left: 30px !important;background-color: #ededed !important;}\u00a0\u00bb][vc_custom_heading text=\u00a0\u00bbLa Taverne, c&rsquo;est un h\u00f4tel, un bar et un restaurant de M\u00e9ribel o\u00f9 tout le monde est bienvenu ! Fr\u00e9quent\u00e9 par une foule \u00e9clectique, l&rsquo;un des plus c\u00e9l\u00e8bres pubs de la station de ski de M\u00e9ribel fait partie int\u00e9grante de la vie quotidienne des locaux et des skieurs lors de la saison d&rsquo;hiver.\u00a0\u00bb font_container=\u00a0\u00bbtag:h3|text_align:left\u00a0\u00bb use_theme_fonts=\u00a0\u00bbyes\u00a0\u00bb][vc_column_text]<\/p>\n<h2>Plus qu&rsquo;un h\u00f4tel \u00e0 M\u00e9ribel, c&rsquo;est aussi un bar et un restaurant, le tout au pied des pistes. Passer par la Taverne, c&rsquo;est l&rsquo;assurance d&rsquo;un accueil chaleureux d\u00e8s votre arriv\u00e9e par un personnel amical, une carte de plats savoureux et roboratifs, et si l\u2019ambiance \u00e0 l\u2019\u00e9tage est tr\u00e8s anim\u00e9e, descendez au chaleureux bistrot pour un verre en toute intimit\u00e9 ou un \u00e9l\u00e9gant t\u00eate \u00e0 t\u00eate.<\/h2>\n<h2>Terrasse ensoleill\u00e9e et live sport<\/h2>\n<p>Si le temps est ensoleill\u00e9, <strong>la terrasse ext\u00e9rieure<\/strong> est l\u2019endroit id\u00e9al pour se d\u00e9salt\u00e9rer, manger un burger et pourquoi pas regarder un match. La Taverne est LE lieu pour les fans de sports. Vous pourrez regarder toutes les comp\u00e9titions en cours en direct sur n\u2019importe lequel de nos \u00e9crans.<\/p>\n<h2>Faire la f\u00eate \u00e0 La Taverne \u00e0 M\u00e9ribel : soir\u00e9es apr\u00e8s-ski, DJ set et concerts<\/h2>\n<p>Durant l&rsquo;apr\u00e8s-midi, rejoignez la foule en transe et participez aux <strong>concerts et aux soir\u00e9es DJ pour des soir\u00e9es apr\u00e8s-ski.<\/strong><\/p>\n<p>Gardez un \u0153il sur nos <a href=\"https:\/\/latavernemeribel.com\/fr\/evenements\/#1\">soir\u00e9es en saison, anim\u00e9es par des musiciens<\/a> \u00e9tablis localement mais venus de tous horizons sont l\u00e9gendaires, et nos f\u00eates d\u00e9bordent dans la rue. Suivez <strong><a href=\"https:\/\/www.facebook.com\/latavernemeribel\/\" target=\"_blank\" rel=\"noopener\">La Taverne sur Facebook<\/a> <\/strong>et tagguez vous avec le #thetav sur <strong><a href=\"https:\/\/www.instagram.com\/latavernemeribel\/\" target=\"_blank\" rel=\"noopener\">Instagram.<\/a><\/strong><\/p>\n<p>Il y en a pour tous les go\u00fbts \u00e0 <strong>La Taverne<\/strong>, et autant que vous le sachiez, une fois entr\u00e9 vous y resterez toute la soir\u00e9e.<\/p>\n<p>Vous \u00eates en groupe ? Notre restaurant bistrot organise aussi des <strong>soir\u00e9es priv\u00e9es <\/strong>et\/ou des<strong> r\u00e9servations de groupes.<\/strong><\/p>\n<h2>La Taverne, c&rsquo;est aussi un h\u00f4tel \u00e0 M\u00e9ribel<\/h2>\n<p>Le choix de son h\u00f4tel ou de ses vacances repose essentiellement sur la qualit\u00e9 de l\u2019emplacement\u2026et les <strong>chambres de La Taverne <\/strong>sont situ\u00e9es au pied des <strong>pistes de ski<\/strong> ! Cela en fait un lieu de vacances exceptionnel pour tous les addicts des <strong>sports d\u2019hiver<\/strong>.<\/p>\n<p>Situ\u00e9es en plein c\u0153ur du centre-ville, \u00e0 2 minutes des pistes, avec un arr\u00eat de bus juste \u00e0 cot\u00e9 de la porte, les chambres r\u00e9cemment r\u00e9nov\u00e9es seront votre havre de repos apr\u00e8s une journ\u00e9e r\u00e9ussie sur les pistes.<\/p>\n<p>Appelez-nous ou envoyez-nous un mail, nous sommes \u00e0 votre disposition pour que vous passiez des vacances exceptionnelles en notre compagnie.[\/vc_column_text][vc_btn title=\u00a0\u00bbContactez-nous\u00a0\u00bb align=\u00a0\u00bbcenter\u00a0\u00bb link=\u00a0\u00bburl:https%3A%2F%2Flatavernemeribel.com%2Finfos%2F|||\u00a0\u00bb][\/vc_column_inner][vc_column_inner width=\u00a0\u00bb1\/2&Prime; css=\u00a0\u00bb.vc_custom_1544030019402{margin-top: 15px !important;margin-right: 15px !important;margin-bottom: 15px !important;margin-left: 15px !important;padding-top: 50px !important;padding-bottom: 50px !important;background-image: url(https:\/\/latavernemeribel.com\/wp-content\/uploads\/2018\/12\/LA-TAVERNE-BISTRO.jpg?id=427) !important;background-position: center !important;background-repeat: no-repeat !important;background-size: cover !important;}\u00a0\u00bb][\/vc_column_inner][\/vc_row_inner][\/vc_column][\/vc_row]<\/p>\n<\/div>","protected":false},"excerpt":{"rendered":"<p>[vc_row full_width=\u00a0\u00bbstretch_row_content\u00a0\u00bb full_height=\u00a0\u00bbyes\u00a0\u00bb el_class=\u00a0\u00bbscrollable-section\u00a0\u00bb][vc_column][vc_empty_space height=\u00a0\u00bb40px\u00a0\u00bb][vc_custom_heading source=\u00a0\u00bbpost_title\u00a0\u00bb font_container=\u00a0\u00bbtag:h2|text_align:center\u00a0\u00bb use_theme_fonts=\u00a0\u00bbyes\u00a0\u00bb][vc_row_inner equal_height=\u00a0\u00bbyes\u00a0\u00bb content_placement=\u00a0\u00bbtop\u00a0\u00bb css=\u00a0\u00bb.vc_custom_1541520506989{background-color: #ffffff !important;}\u00a0\u00bb][vc_column_inner el_class=\u00a0\u00bboutlined\u00a0\u00bb width=\u00a0\u00bb1\/2&Prime; css=\u00a0\u00bb.vc_custom_1544029990162{margin-top: 30px !important;margin-right: 30px !important;margin-bottom: 30px !important;margin-left: 30px !important;padding-top: 30px !important;padding-right: 30px !important;padding-bottom: 30px !important;padding-left: 30px !important;background-color: #ededed !important;}\u00a0\u00bb][vc_custom_heading text=\u00a0\u00bbLa Taverne, c&rsquo;est un h\u00f4tel, un bar et un restaurant de M\u00e9ribel o\u00f9 tout le monde est bienvenu ! Fr\u00e9quent\u00e9 par &hellip; <\/p>\n<p class=\"link-more\"><a href=\"https:\/\/latavernemeribel.com\/fr\/a-propos\/\" class=\"more-link\">Continuer la lecture<span class=\"screen-reader-text\"> de &laquo;&nbsp;A propos&nbsp;&raquo;<\/span><\/a><\/p>\n","protected":false},"author":4,"featured_media":0,"parent":0,"menu_order":0,"comment_status":"closed","ping_status":"closed","template":"","meta":{"footnotes":""},"yoast_head":"<!-- This site is optimized with the Yoast SEO plugin v21.8 - https:\/\/yoast.com\/wordpress\/plugins\/seo\/ -->\n<title>Un h\u00f4tel \u00e0 M\u00e9ribel, un bar et un restaurant au pied des pistes : La Taverne<\/title>\n<meta name=\"description\" content=\"R\u00e9servez une chambre \u00e0 La Taverne, l&#039;h\u00f4tel id\u00e9al o\u00f9 passer des vacances \u00e0 M\u00e9ribel. Profitez du bar et du restaurant au pied des pistes au centre de la station\" \/>\n<meta name=\"robots\" content=\"index, follow, max-snippet:-1, max-image-preview:large, max-video-preview:-1\" \/>\n<link rel=\"canonical\" href=\"https:\/\/latavernemeribel.com\/fr\/a-propos\/\" \/>\n<meta property=\"og:locale\" content=\"fr_FR\" \/>\n<meta property=\"og:type\" content=\"article\" \/>\n<meta property=\"og:title\" content=\"Un h\u00f4tel \u00e0 M\u00e9ribel, un bar et un restaurant au pied des pistes : La Taverne\" \/>\n<meta property=\"og:description\" content=\"R\u00e9servez une chambre \u00e0 La Taverne, l&#039;h\u00f4tel id\u00e9al o\u00f9 passer des vacances \u00e0 M\u00e9ribel. Profitez du bar et du restaurant au pied des pistes au centre de la station\" \/>\n<meta property=\"og:url\" content=\"https:\/\/latavernemeribel.com\/fr\/a-propos\/\" \/>\n<meta property=\"og:site_name\" content=\"La Taverne Meribel\" \/>\n<meta property=\"article:modified_time\" content=\"2022-04-28T15:57:40+00:00\" \/>\n<meta name=\"twitter:card\" content=\"summary_large_image\" \/>\n<meta name=\"twitter:label1\" content=\"Dur\u00e9e de lecture estim\u00e9e\" \/>\n\t<meta name=\"twitter:data1\" content=\"3 minutes\" \/>\n<script type=\"application\/ld+json\" class=\"yoast-schema-graph\">{\"@context\":\"https:\/\/schema.org\",\"@graph\":[{\"@type\":\"WebPage\",\"@id\":\"https:\/\/latavernemeribel.com\/fr\/a-propos\/\",\"url\":\"https:\/\/latavernemeribel.com\/fr\/a-propos\/\",\"name\":\"Un h\u00f4tel \u00e0 M\u00e9ribel, un bar et un restaurant au pied des pistes : La Taverne\",\"isPartOf\":{\"@id\":\"https:\/\/latavernemeribel.com\/#website\"},\"datePublished\":\"2019-01-09T14:31:12+00:00\",\"dateModified\":\"2022-04-28T15:57:40+00:00\",\"description\":\"R\u00e9servez une chambre \u00e0 La Taverne, l'h\u00f4tel id\u00e9al o\u00f9 passer des vacances \u00e0 M\u00e9ribel. Profitez du bar et du restaurant au pied des pistes au centre de la station\",\"breadcrumb\":{\"@id\":\"https:\/\/latavernemeribel.com\/fr\/a-propos\/#breadcrumb\"},\"inLanguage\":\"fr-FR\",\"potentialAction\":[{\"@type\":\"ReadAction\",\"target\":[\"https:\/\/latavernemeribel.com\/fr\/a-propos\/\"]}]},{\"@type\":\"BreadcrumbList\",\"@id\":\"https:\/\/latavernemeribel.com\/fr\/a-propos\/#breadcrumb\",\"itemListElement\":[{\"@type\":\"ListItem\",\"position\":1,\"name\":\"Home\",\"item\":\"https:\/\/latavernemeribel.com\/fr\/\"},{\"@type\":\"ListItem\",\"position\":2,\"name\":\"A propos\"}]},{\"@type\":\"WebSite\",\"@id\":\"https:\/\/latavernemeribel.com\/#website\",\"url\":\"https:\/\/latavernemeribel.com\/\",\"name\":\"La Taverne - Meribel\",\"description\":\"Bar, Restaurant &amp; Rooms\",\"publisher\":{\"@id\":\"https:\/\/latavernemeribel.com\/#organization\"},\"potentialAction\":[{\"@type\":\"SearchAction\",\"target\":{\"@type\":\"EntryPoint\",\"urlTemplate\":\"https:\/\/latavernemeribel.com\/?s={search_term_string}\"},\"query-input\":\"required name=search_term_string\"}],\"inLanguage\":\"fr-FR\"},{\"@type\":\"Organization\",\"@id\":\"https:\/\/latavernemeribel.com\/#organization\",\"name\":\"La Taverne\",\"url\":\"https:\/\/latavernemeribel.com\/\",\"logo\":{\"@type\":\"ImageObject\",\"inLanguage\":\"fr-FR\",\"@id\":\"https:\/\/latavernemeribel.com\/#\/schema\/logo\/image\/\",\"url\":\"https:\/\/latavernemeribel.com\/wp-content\/uploads\/2018\/12\/cropped-LA-TAVERNE-VITRINE.png\",\"contentUrl\":\"https:\/\/latavernemeribel.com\/wp-content\/uploads\/2018\/12\/cropped-LA-TAVERNE-VITRINE.png\",\"width\":562,\"height\":250,\"caption\":\"La Taverne\"},\"image\":{\"@id\":\"https:\/\/latavernemeribel.com\/#\/schema\/logo\/image\/\"}}]}<\/script>\n<!-- \/ Yoast SEO plugin. -->","yoast_head_json":{"title":"Un h\u00f4tel \u00e0 M\u00e9ribel, un bar et un restaurant au pied des pistes : La Taverne","description":"R\u00e9servez une chambre \u00e0 La Taverne, l'h\u00f4tel id\u00e9al o\u00f9 passer des vacances \u00e0 M\u00e9ribel. Profitez du bar et du restaurant au pied des pistes au centre de la station","robots":{"index":"index","follow":"follow","max-snippet":"max-snippet:-1","max-image-preview":"max-image-preview:large","max-video-preview":"max-video-preview:-1"},"canonical":"https:\/\/latavernemeribel.com\/fr\/a-propos\/","og_locale":"fr_FR","og_type":"article","og_title":"Un h\u00f4tel \u00e0 M\u00e9ribel, un bar et un restaurant au pied des pistes : La Taverne","og_description":"R\u00e9servez une chambre \u00e0 La Taverne, l'h\u00f4tel id\u00e9al o\u00f9 passer des vacances \u00e0 M\u00e9ribel. Profitez du bar et du restaurant au pied des pistes au centre de la station","og_url":"https:\/\/latavernemeribel.com\/fr\/a-propos\/","og_site_name":"La Taverne Meribel","article_modified_time":"2022-04-28T15:57:40+00:00","twitter_card":"summary_large_image","twitter_misc":{"Dur\u00e9e de lecture estim\u00e9e":"3 minutes"},"schema":{"@context":"https:\/\/schema.org","@graph":[{"@type":"WebPage","@id":"https:\/\/latavernemeribel.com\/fr\/a-propos\/","url":"https:\/\/latavernemeribel.com\/fr\/a-propos\/","name":"Un h\u00f4tel \u00e0 M\u00e9ribel, un bar et un restaurant au pied des pistes : La Taverne","isPartOf":{"@id":"https:\/\/latavernemeribel.com\/#website"},"datePublished":"2019-01-09T14:31:12+00:00","dateModified":"2022-04-28T15:57:40+00:00","description":"R\u00e9servez une chambre \u00e0 La Taverne, l'h\u00f4tel id\u00e9al o\u00f9 passer des vacances \u00e0 M\u00e9ribel. Profitez du bar et du restaurant au pied des pistes au centre de la station","breadcrumb":{"@id":"https:\/\/latavernemeribel.com\/fr\/a-propos\/#breadcrumb"},"inLanguage":"fr-FR","potentialAction":[{"@type":"ReadAction","target":["https:\/\/latavernemeribel.com\/fr\/a-propos\/"]}]},{"@type":"BreadcrumbList","@id":"https:\/\/latavernemeribel.com\/fr\/a-propos\/#breadcrumb","itemListElement":[{"@type":"ListItem","position":1,"name":"Home","item":"https:\/\/latavernemeribel.com\/fr\/"},{"@type":"ListItem","position":2,"name":"A propos"}]},{"@type":"WebSite","@id":"https:\/\/latavernemeribel.com\/#website","url":"https:\/\/latavernemeribel.com\/","name":"La Taverne - Meribel","description":"Bar, Restaurant &amp; Rooms","publisher":{"@id":"https:\/\/latavernemeribel.com\/#organization"},"potentialAction":[{"@type":"SearchAction","target":{"@type":"EntryPoint","urlTemplate":"https:\/\/latavernemeribel.com\/?s={search_term_string}"},"query-input":"required name=search_term_string"}],"inLanguage":"fr-FR"},{"@type":"Organization","@id":"https:\/\/latavernemeribel.com\/#organization","name":"La Taverne","url":"https:\/\/latavernemeribel.com\/","logo":{"@type":"ImageObject","inLanguage":"fr-FR","@id":"https:\/\/latavernemeribel.com\/#\/schema\/logo\/image\/","url":"https:\/\/latavernemeribel.com\/wp-content\/uploads\/2018\/12\/cropped-LA-TAVERNE-VITRINE.png","contentUrl":"https:\/\/latavernemeribel.com\/wp-content\/uploads\/2018\/12\/cropped-LA-TAVERNE-VITRINE.png","width":562,"height":250,"caption":"La Taverne"},"image":{"@id":"https:\/\/latavernemeribel.com\/#\/schema\/logo\/image\/"}}]}},"publishpress_future_action":{"enabled":false,"date":"2026-04-26 14:46:52","action":"draft","terms":[],"taxonomy":""},"_links":{"self":[{"href":"https:\/\/latavernemeribel.com\/fr\/wp-json\/wp\/v2\/pages\/474"}],"collection":[{"href":"https:\/\/latavernemeribel.com\/fr\/wp-json\/wp\/v2\/pages"}],"about":[{"href":"https:\/\/latavernemeribel.com\/fr\/wp-json\/wp\/v2\/types\/page"}],"author":[{"embeddable":true,"href":"https:\/\/latavernemeribel.com\/fr\/wp-json\/wp\/v2\/users\/4"}],"replies":[{"embeddable":true,"href":"https:\/\/latavernemeribel.com\/fr\/wp-json\/wp\/v2\/comments?post=474"}],"version-history":[{"count":9,"href":"https:\/\/latavernemeribel.com\/fr\/wp-json\/wp\/v2\/pages\/474\/revisions"}],"predecessor-version":[{"id":1180,"href":"https:\/\/latavernemeribel.com\/fr\/wp-json\/wp\/v2\/pages\/474\/revisions\/1180"}],"wp:attachment":[{"href":"https:\/\/latavernemeribel.com\/fr\/wp-json\/wp\/v2\/media?parent=474"}],"curies":[{"name":"wp","href":"https:\/\/api.w.org\/{rel}","templated":true}]}}