{"id":646,"date":"2020-10-20T17:00:19","date_gmt":"2020-10-20T15:00:19","guid":{"rendered":"https:\/\/latavernemeribel.com\/?page_id=646"},"modified":"2022-01-10T18:13:37","modified_gmt":"2022-01-10T17:13:37","slug":"gallerie","status":"publish","type":"page","link":"https:\/\/latavernemeribel.com\/fr\/gallerie\/","title":{"rendered":"Galerie"},"content":{"rendered":"<div class=\"wpb-content-wrapper\"><p>[vc_row][vc_column][vc_column_text]<\/p>\n<h1 style=\"text-align: center;\">Galerie<\/h1>\n<p style=\"text-align: center;\">D\u00e9couvrez notre galerie photo, notre ambiance chaleureuse et cosy de montagne et rejoignez-nous pour les soir\u00e9es apr\u00e8s ski et musique live !<\/p>\n<p>[\/vc_column_text][\/vc_column][\/vc_row][vc_row full_width=\u00a0\u00bbstretch_row_content\u00a0\u00bb full_height=\u00a0\u00bbyes\u00a0\u00bb][vc_column][vc_masonry_media_grid gap=\u00a0\u00bb3&Prime; grid_id=\u00a0\u00bbvc_gid:1641834786796-2a60675c-d605-7&Prime; include=\u00a0\u00bb452,453,462,461,463,464,470,469&Prime;][\/vc_column][\/vc_row]<\/p>\n<\/div>","protected":false},"excerpt":{"rendered":"<p>[vc_row][vc_column][vc_column_text] Galerie D\u00e9couvrez notre galerie photo, notre ambiance chaleureuse et cosy de montagne et rejoignez-nous pour les soir\u00e9es apr\u00e8s ski et musique live ! [\/vc_column_text][\/vc_column][\/vc_row][vc_row full_width=\u00a0\u00bbstretch_row_content\u00a0\u00bb full_height=\u00a0\u00bbyes\u00a0\u00bb][vc_column][vc_masonry_media_grid gap=\u00a0\u00bb3&Prime; grid_id=\u00a0\u00bbvc_gid:1641834786796-2a60675c-d605-7&Prime; include=\u00a0\u00bb452,453,462,461,463,464,470,469&Prime;][\/vc_column][\/vc_row]<\/p>\n","protected":false},"author":4,"featured_media":0,"parent":0,"menu_order":0,"comment_status":"closed","ping_status":"closed","template":"","meta":{"footnotes":""},"yoast_head":"<!-- This site is optimized with the Yoast SEO plugin v21.8 - https:\/\/yoast.com\/wordpress\/plugins\/seo\/ -->\n<title>Galerie Photos La Taverne, M\u00e9ribel : soir\u00e9es apr\u00e8s ski et musique live<\/title>\n<meta name=\"description\" content=\"D\u00e9couvrez notre galerie photo, notre ambiance chaleureuse et cosy de montagne et rejoignez-nous pour les soir\u00e9es apr\u00e8s ski et musique live !\" \/>\n<meta name=\"robots\" content=\"index, follow, max-snippet:-1, max-image-preview:large, max-video-preview:-1\" \/>\n<link rel=\"canonical\" href=\"https:\/\/latavernemeribel.com\/fr\/gallerie\/\" \/>\n<meta property=\"og:locale\" content=\"fr_FR\" \/>\n<meta property=\"og:type\" content=\"article\" \/>\n<meta property=\"og:title\" content=\"Galerie Photos La Taverne, M\u00e9ribel : soir\u00e9es apr\u00e8s ski et musique live\" \/>\n<meta property=\"og:description\" content=\"D\u00e9couvrez notre galerie photo, notre ambiance chaleureuse et cosy de montagne et rejoignez-nous pour les soir\u00e9es apr\u00e8s ski et musique live !\" \/>\n<meta property=\"og:url\" content=\"https:\/\/latavernemeribel.com\/fr\/gallerie\/\" \/>\n<meta property=\"og:site_name\" content=\"La Taverne Meribel\" \/>\n<meta property=\"article:modified_time\" content=\"2022-01-10T17:13:37+00:00\" \/>\n<meta name=\"twitter:card\" content=\"summary_large_image\" \/>\n<meta name=\"twitter:label1\" content=\"Dur\u00e9e de lecture estim\u00e9e\" \/>\n\t<meta name=\"twitter:data1\" content=\"1 minute\" \/>\n<script type=\"application\/ld+json\" class=\"yoast-schema-graph\">{\"@context\":\"https:\/\/schema.org\",\"@graph\":[{\"@type\":\"WebPage\",\"@id\":\"https:\/\/latavernemeribel.com\/fr\/gallerie\/\",\"url\":\"https:\/\/latavernemeribel.com\/fr\/gallerie\/\",\"name\":\"Galerie Photos La Taverne, M\u00e9ribel : soir\u00e9es apr\u00e8s ski et musique live\",\"isPartOf\":{\"@id\":\"https:\/\/latavernemeribel.com\/#website\"},\"datePublished\":\"2020-10-20T15:00:19+00:00\",\"dateModified\":\"2022-01-10T17:13:37+00:00\",\"description\":\"D\u00e9couvrez notre galerie photo, notre ambiance chaleureuse et cosy de montagne et rejoignez-nous pour les soir\u00e9es apr\u00e8s ski et musique live !\",\"breadcrumb\":{\"@id\":\"https:\/\/latavernemeribel.com\/fr\/gallerie\/#breadcrumb\"},\"inLanguage\":\"fr-FR\",\"potentialAction\":[{\"@type\":\"ReadAction\",\"target\":[\"https:\/\/latavernemeribel.com\/fr\/gallerie\/\"]}]},{\"@type\":\"BreadcrumbList\",\"@id\":\"https:\/\/latavernemeribel.com\/fr\/gallerie\/#breadcrumb\",\"itemListElement\":[{\"@type\":\"ListItem\",\"position\":1,\"name\":\"Home\",\"item\":\"https:\/\/latavernemeribel.com\/fr\/\"},{\"@type\":\"ListItem\",\"position\":2,\"name\":\"Galerie\"}]},{\"@type\":\"WebSite\",\"@id\":\"https:\/\/latavernemeribel.com\/#website\",\"url\":\"https:\/\/latavernemeribel.com\/\",\"name\":\"La Taverne - Meribel\",\"description\":\"Bar, Restaurant &amp; Rooms\",\"publisher\":{\"@id\":\"https:\/\/latavernemeribel.com\/#organization\"},\"potentialAction\":[{\"@type\":\"SearchAction\",\"target\":{\"@type\":\"EntryPoint\",\"urlTemplate\":\"https:\/\/latavernemeribel.com\/?s={search_term_string}\"},\"query-input\":\"required name=search_term_string\"}],\"inLanguage\":\"fr-FR\"},{\"@type\":\"Organization\",\"@id\":\"https:\/\/latavernemeribel.com\/#organization\",\"name\":\"La Taverne\",\"url\":\"https:\/\/latavernemeribel.com\/\",\"logo\":{\"@type\":\"ImageObject\",\"inLanguage\":\"fr-FR\",\"@id\":\"https:\/\/latavernemeribel.com\/#\/schema\/logo\/image\/\",\"url\":\"https:\/\/latavernemeribel.com\/wp-content\/uploads\/2018\/12\/cropped-LA-TAVERNE-VITRINE.png\",\"contentUrl\":\"https:\/\/latavernemeribel.com\/wp-content\/uploads\/2018\/12\/cropped-LA-TAVERNE-VITRINE.png\",\"width\":562,\"height\":250,\"caption\":\"La Taverne\"},\"image\":{\"@id\":\"https:\/\/latavernemeribel.com\/#\/schema\/logo\/image\/\"}}]}<\/script>\n<!-- \/ Yoast SEO plugin. -->","yoast_head_json":{"title":"Galerie Photos La Taverne, M\u00e9ribel : soir\u00e9es apr\u00e8s ski et musique live","description":"D\u00e9couvrez notre galerie photo, notre ambiance chaleureuse et cosy de montagne et rejoignez-nous pour les soir\u00e9es apr\u00e8s ski et musique live !","robots":{"index":"index","follow":"follow","max-snippet":"max-snippet:-1","max-image-preview":"max-image-preview:large","max-video-preview":"max-video-preview:-1"},"canonical":"https:\/\/latavernemeribel.com\/fr\/gallerie\/","og_locale":"fr_FR","og_type":"article","og_title":"Galerie Photos La Taverne, M\u00e9ribel : soir\u00e9es apr\u00e8s ski et musique live","og_description":"D\u00e9couvrez notre galerie photo, notre ambiance chaleureuse et cosy de montagne et rejoignez-nous pour les soir\u00e9es apr\u00e8s ski et musique live !","og_url":"https:\/\/latavernemeribel.com\/fr\/gallerie\/","og_site_name":"La Taverne Meribel","article_modified_time":"2022-01-10T17:13:37+00:00","twitter_card":"summary_large_image","twitter_misc":{"Dur\u00e9e de lecture estim\u00e9e":"1 minute"},"schema":{"@context":"https:\/\/schema.org","@graph":[{"@type":"WebPage","@id":"https:\/\/latavernemeribel.com\/fr\/gallerie\/","url":"https:\/\/latavernemeribel.com\/fr\/gallerie\/","name":"Galerie Photos La Taverne, M\u00e9ribel : soir\u00e9es apr\u00e8s ski et musique live","isPartOf":{"@id":"https:\/\/latavernemeribel.com\/#website"},"datePublished":"2020-10-20T15:00:19+00:00","dateModified":"2022-01-10T17:13:37+00:00","description":"D\u00e9couvrez notre galerie photo, notre ambiance chaleureuse et cosy de montagne et rejoignez-nous pour les soir\u00e9es apr\u00e8s ski et musique live !","breadcrumb":{"@id":"https:\/\/latavernemeribel.com\/fr\/gallerie\/#breadcrumb"},"inLanguage":"fr-FR","potentialAction":[{"@type":"ReadAction","target":["https:\/\/latavernemeribel.com\/fr\/gallerie\/"]}]},{"@type":"BreadcrumbList","@id":"https:\/\/latavernemeribel.com\/fr\/gallerie\/#breadcrumb","itemListElement":[{"@type":"ListItem","position":1,"name":"Home","item":"https:\/\/latavernemeribel.com\/fr\/"},{"@type":"ListItem","position":2,"name":"Galerie"}]},{"@type":"WebSite","@id":"https:\/\/latavernemeribel.com\/#website","url":"https:\/\/latavernemeribel.com\/","name":"La Taverne - Meribel","description":"Bar, Restaurant &amp; Rooms","publisher":{"@id":"https:\/\/latavernemeribel.com\/#organization"},"potentialAction":[{"@type":"SearchAction","target":{"@type":"EntryPoint","urlTemplate":"https:\/\/latavernemeribel.com\/?s={search_term_string}"},"query-input":"required name=search_term_string"}],"inLanguage":"fr-FR"},{"@type":"Organization","@id":"https:\/\/latavernemeribel.com\/#organization","name":"La Taverne","url":"https:\/\/latavernemeribel.com\/","logo":{"@type":"ImageObject","inLanguage":"fr-FR","@id":"https:\/\/latavernemeribel.com\/#\/schema\/logo\/image\/","url":"https:\/\/latavernemeribel.com\/wp-content\/uploads\/2018\/12\/cropped-LA-TAVERNE-VITRINE.png","contentUrl":"https:\/\/latavernemeribel.com\/wp-content\/uploads\/2018\/12\/cropped-LA-TAVERNE-VITRINE.png","width":562,"height":250,"caption":"La Taverne"},"image":{"@id":"https:\/\/latavernemeribel.com\/#\/schema\/logo\/image\/"}}]}},"publishpress_future_action":{"enabled":false,"date":"2026-04-17 16:52:26","action":"draft","terms":[],"taxonomy":""},"_links":{"self":[{"href":"https:\/\/latavernemeribel.com\/fr\/wp-json\/wp\/v2\/pages\/646"}],"collection":[{"href":"https:\/\/latavernemeribel.com\/fr\/wp-json\/wp\/v2\/pages"}],"about":[{"href":"https:\/\/latavernemeribel.com\/fr\/wp-json\/wp\/v2\/types\/page"}],"author":[{"embeddable":true,"href":"https:\/\/latavernemeribel.com\/fr\/wp-json\/wp\/v2\/users\/4"}],"replies":[{"embeddable":true,"href":"https:\/\/latavernemeribel.com\/fr\/wp-json\/wp\/v2\/comments?post=646"}],"version-history":[{"count":6,"href":"https:\/\/latavernemeribel.com\/fr\/wp-json\/wp\/v2\/pages\/646\/revisions"}],"predecessor-version":[{"id":1056,"href":"https:\/\/latavernemeribel.com\/fr\/wp-json\/wp\/v2\/pages\/646\/revisions\/1056"}],"wp:attachment":[{"href":"https:\/\/latavernemeribel.com\/fr\/wp-json\/wp\/v2\/media?parent=646"}],"curies":[{"name":"wp","href":"https:\/\/api.w.org\/{rel}","templated":true}]}}