{"id":679,"date":"2021-06-22T13:33:34","date_gmt":"2021-06-22T11:33:34","guid":{"rendered":"https:\/\/latavernemeribel.com\/?page_id=679"},"modified":"2023-12-19T10:12:04","modified_gmt":"2023-12-19T09:12:04","slug":"bar-bistro-menus","status":"publish","type":"page","link":"https:\/\/latavernemeribel.com\/fr\/bar-bistro-menus\/","title":{"rendered":"Menus"},"content":{"rendered":"<div class=\"wpb-content-wrapper\"><p>[vc_row][vc_column][vc_images_carousel images=\u00a0\u00bb767,704,702,738&Prime; img_size=\u00a0\u00bbfull\u00a0\u00bb][vc_column_text]<\/p>\n<h1 style=\"text-align: center;\">LA TAVERNE MENUS<\/h1>\n<p>[\/vc_column_text][vc_empty_space][vc_btn title=\u00a0\u00bbMENUS EN LIGNE\u00a0\u00bb color=\u00a0\u00bbwarning\u00a0\u00bb size=\u00a0\u00bblg\u00a0\u00bb align=\u00a0\u00bbcenter\u00a0\u00bb button_block=\u00a0\u00bbtrue\u00a0\u00bb link=\u00a0\u00bburl:https%3A%2F%2Fm.appero.co%2F%2390d385fb-fcc4-45d6-8085-a74b76ed4d27|target:_blank\u00a0\u00bb][vc_empty_space][\/vc_column][\/vc_row][vc_row][vc_column width=\u00a0\u00bb1\/3&Prime;][vc_btn title=\u00a0\u00bbPETITE DEJEUNER\u00a0\u00bb color=\u00a0\u00bbblack\u00a0\u00bb size=\u00a0\u00bblg\u00a0\u00bb align=\u00a0\u00bbcenter\u00a0\u00bb link=\u00a0\u00bburl:https%3A%2F%2Fm.appero.co%2F%2390d385fb-fcc4-45d6-8085-a74b76ed4d27|target:_blank\u00a0\u00bb][\/vc_column][vc_column width=\u00a0\u00bb1\/3&Prime;][vc_btn title=\u00a0\u00bbDEJEUNER\u00a0\u00bb color=\u00a0\u00bbblack\u00a0\u00bb size=\u00a0\u00bblg\u00a0\u00bb align=\u00a0\u00bbcenter\u00a0\u00bb link=\u00a0\u00bburl:https%3A%2F%2Fm.appero.co%2F%2390d385fb-fcc4-45d6-8085-a74b76ed4d27|target:_blank\u00a0\u00bb][\/vc_column][vc_column width=\u00a0\u00bb1\/3&Prime;][vc_btn title=\u00a0\u00bbD\u00ceNER\u00a0\u00bb color=\u00a0\u00bbblack\u00a0\u00bb size=\u00a0\u00bblg\u00a0\u00bb align=\u00a0\u00bbcenter\u00a0\u00bb link=\u00a0\u00bburl:https%3A%2F%2Fm.appero.co%2F%2390d385fb-fcc4-45d6-8085-a74b76ed4d27|target:_blank\u00a0\u00bb][\/vc_column][\/vc_row][vc_row][vc_column][vc_empty_space][vc_column_text]<\/p>\n<h4 style=\"text-align: center;\"><a href=\"https:\/\/latavernemeribel.com\/fr\/#1\" target=\"_blank\" rel=\"noopener\">LA TAVERNE<\/a> BISTRO<\/h4>\n<p style=\"text-align: center;\">TOUS LES JOURS<\/p>\n<p style=\"text-align: center;\">PETIT- DEJEUNER de 9H \u00e0 12H<\/p>\n<p style=\"text-align: center;\"><span style=\"font-size: 1rem;\">DEJEUNER de 12H \u00e0 15<\/span><\/p>\n<p style=\"text-align: center;\">D\u00ceNER de 18H30-21H30<\/p>\n<h4 style=\"text-align: center;\">LA TAVERNE BAR<\/h4>\n<p style=\"text-align: center;\">TOUS LES JOURS<\/p>\n<p style=\"text-align: center;\">08H &#8211; 02H<\/p>\n<p>[\/vc_column_text][\/vc_column][\/vc_row]<\/p>\n<\/div>","protected":false},"excerpt":{"rendered":"<p>[vc_row][vc_column][vc_images_carousel images=\u00a0\u00bb767,704,702,738&Prime; img_size=\u00a0\u00bbfull\u00a0\u00bb][vc_column_text] LA TAVERNE MENUS [\/vc_column_text][vc_empty_space][vc_btn title=\u00a0\u00bbMENUS EN LIGNE\u00a0\u00bb color=\u00a0\u00bbwarning\u00a0\u00bb size=\u00a0\u00bblg\u00a0\u00bb align=\u00a0\u00bbcenter\u00a0\u00bb button_block=\u00a0\u00bbtrue\u00a0\u00bb link=\u00a0\u00bburl:https%3A%2F%2Fm.appero.co%2F%2390d385fb-fcc4-45d6-8085-a74b76ed4d27|target:_blank\u00a0\u00bb][vc_empty_space][\/vc_column][\/vc_row][vc_row][vc_column width=\u00a0\u00bb1\/3&Prime;][vc_btn title=\u00a0\u00bbPETITE DEJEUNER\u00a0\u00bb color=\u00a0\u00bbblack\u00a0\u00bb size=\u00a0\u00bblg\u00a0\u00bb align=\u00a0\u00bbcenter\u00a0\u00bb link=\u00a0\u00bburl:https%3A%2F%2Fm.appero.co%2F%2390d385fb-fcc4-45d6-8085-a74b76ed4d27|target:_blank\u00a0\u00bb][\/vc_column][vc_column width=\u00a0\u00bb1\/3&Prime;][vc_btn title=\u00a0\u00bbDEJEUNER\u00a0\u00bb color=\u00a0\u00bbblack\u00a0\u00bb size=\u00a0\u00bblg\u00a0\u00bb align=\u00a0\u00bbcenter\u00a0\u00bb link=\u00a0\u00bburl:https%3A%2F%2Fm.appero.co%2F%2390d385fb-fcc4-45d6-8085-a74b76ed4d27|target:_blank\u00a0\u00bb][\/vc_column][vc_column width=\u00a0\u00bb1\/3&Prime;][vc_btn title=\u00a0\u00bbD\u00ceNER\u00a0\u00bb color=\u00a0\u00bbblack\u00a0\u00bb size=\u00a0\u00bblg\u00a0\u00bb align=\u00a0\u00bbcenter\u00a0\u00bb link=\u00a0\u00bburl:https%3A%2F%2Fm.appero.co%2F%2390d385fb-fcc4-45d6-8085-a74b76ed4d27|target:_blank\u00a0\u00bb][\/vc_column][\/vc_row][vc_row][vc_column][vc_empty_space][vc_column_text] LA TAVERNE BISTRO TOUS LES JOURS PETIT- DEJEUNER de 9H \u00e0 12H DEJEUNER de 12H \u00e0 15 D\u00ceNER de 18H30-21H30 LA &hellip; <\/p>\n<p class=\"link-more\"><a href=\"https:\/\/latavernemeribel.com\/fr\/bar-bistro-menus\/\" class=\"more-link\">Continuer la lecture<span class=\"screen-reader-text\"> de &laquo;&nbsp;Menus&nbsp;&raquo;<\/span><\/a><\/p>\n","protected":false},"author":4,"featured_media":0,"parent":0,"menu_order":0,"comment_status":"closed","ping_status":"closed","template":"","meta":{"footnotes":""},"yoast_head":"<!-- This site is optimized with the Yoast SEO plugin v21.8 - https:\/\/yoast.com\/wordpress\/plugins\/seo\/ -->\n<title>LA TAVERNE MERIBEL I Bar-Bistro-Rooms I Nos menus en ligne<\/title>\n<meta name=\"description\" content=\"Bienvenu \u00e0 La Taverne, Bar, Bistro &amp; Chambres. Situ\u00e9 au coeur de M\u00e9ribel, deux pas des pistes. Ouvert tous les jours!\" \/>\n<meta name=\"robots\" content=\"index, follow, max-snippet:-1, max-image-preview:large, max-video-preview:-1\" \/>\n<link rel=\"canonical\" href=\"https:\/\/latavernemeribel.com\/fr\/bar-bistro-menus\/\" \/>\n<meta property=\"og:locale\" content=\"fr_FR\" \/>\n<meta property=\"og:type\" content=\"article\" \/>\n<meta property=\"og:title\" content=\"LA TAVERNE MERIBEL I Bar-Bistro-Rooms I Nos menus en ligne\" \/>\n<meta property=\"og:description\" content=\"Bienvenu \u00e0 La Taverne, Bar, Bistro &amp; Chambres. Situ\u00e9 au coeur de M\u00e9ribel, deux pas des pistes. Ouvert tous les jours!\" \/>\n<meta property=\"og:url\" content=\"https:\/\/latavernemeribel.com\/fr\/bar-bistro-menus\/\" \/>\n<meta property=\"og:site_name\" content=\"La Taverne Meribel\" \/>\n<meta property=\"article:modified_time\" content=\"2023-12-19T09:12:04+00:00\" \/>\n<meta name=\"twitter:card\" content=\"summary_large_image\" \/>\n<meta name=\"twitter:label1\" content=\"Dur\u00e9e de lecture estim\u00e9e\" \/>\n\t<meta name=\"twitter:data1\" content=\"1 minute\" \/>\n<script type=\"application\/ld+json\" class=\"yoast-schema-graph\">{\"@context\":\"https:\/\/schema.org\",\"@graph\":[{\"@type\":\"WebPage\",\"@id\":\"https:\/\/latavernemeribel.com\/fr\/bar-bistro-menus\/\",\"url\":\"https:\/\/latavernemeribel.com\/fr\/bar-bistro-menus\/\",\"name\":\"LA TAVERNE MERIBEL I Bar-Bistro-Rooms I Nos menus en ligne\",\"isPartOf\":{\"@id\":\"https:\/\/latavernemeribel.com\/#website\"},\"datePublished\":\"2021-06-22T11:33:34+00:00\",\"dateModified\":\"2023-12-19T09:12:04+00:00\",\"description\":\"Bienvenu \u00e0 La Taverne, Bar, Bistro & Chambres. Situ\u00e9 au coeur de M\u00e9ribel, deux pas des pistes. Ouvert tous les jours!\",\"breadcrumb\":{\"@id\":\"https:\/\/latavernemeribel.com\/fr\/bar-bistro-menus\/#breadcrumb\"},\"inLanguage\":\"fr-FR\",\"potentialAction\":[{\"@type\":\"ReadAction\",\"target\":[\"https:\/\/latavernemeribel.com\/fr\/bar-bistro-menus\/\"]}]},{\"@type\":\"BreadcrumbList\",\"@id\":\"https:\/\/latavernemeribel.com\/fr\/bar-bistro-menus\/#breadcrumb\",\"itemListElement\":[{\"@type\":\"ListItem\",\"position\":1,\"name\":\"Home\",\"item\":\"https:\/\/latavernemeribel.com\/fr\/\"},{\"@type\":\"ListItem\",\"position\":2,\"name\":\"Menus\"}]},{\"@type\":\"WebSite\",\"@id\":\"https:\/\/latavernemeribel.com\/#website\",\"url\":\"https:\/\/latavernemeribel.com\/\",\"name\":\"La Taverne - Meribel\",\"description\":\"Bar, Restaurant &amp; Rooms\",\"publisher\":{\"@id\":\"https:\/\/latavernemeribel.com\/#organization\"},\"potentialAction\":[{\"@type\":\"SearchAction\",\"target\":{\"@type\":\"EntryPoint\",\"urlTemplate\":\"https:\/\/latavernemeribel.com\/?s={search_term_string}\"},\"query-input\":\"required name=search_term_string\"}],\"inLanguage\":\"fr-FR\"},{\"@type\":\"Organization\",\"@id\":\"https:\/\/latavernemeribel.com\/#organization\",\"name\":\"La Taverne\",\"url\":\"https:\/\/latavernemeribel.com\/\",\"logo\":{\"@type\":\"ImageObject\",\"inLanguage\":\"fr-FR\",\"@id\":\"https:\/\/latavernemeribel.com\/#\/schema\/logo\/image\/\",\"url\":\"https:\/\/latavernemeribel.com\/wp-content\/uploads\/2018\/12\/cropped-LA-TAVERNE-VITRINE.png\",\"contentUrl\":\"https:\/\/latavernemeribel.com\/wp-content\/uploads\/2018\/12\/cropped-LA-TAVERNE-VITRINE.png\",\"width\":562,\"height\":250,\"caption\":\"La Taverne\"},\"image\":{\"@id\":\"https:\/\/latavernemeribel.com\/#\/schema\/logo\/image\/\"}}]}<\/script>\n<!-- \/ Yoast SEO plugin. -->","yoast_head_json":{"title":"LA TAVERNE MERIBEL I Bar-Bistro-Rooms I Nos menus en ligne","description":"Bienvenu \u00e0 La Taverne, Bar, Bistro & Chambres. Situ\u00e9 au coeur de M\u00e9ribel, deux pas des pistes. Ouvert tous les jours!","robots":{"index":"index","follow":"follow","max-snippet":"max-snippet:-1","max-image-preview":"max-image-preview:large","max-video-preview":"max-video-preview:-1"},"canonical":"https:\/\/latavernemeribel.com\/fr\/bar-bistro-menus\/","og_locale":"fr_FR","og_type":"article","og_title":"LA TAVERNE MERIBEL I Bar-Bistro-Rooms I Nos menus en ligne","og_description":"Bienvenu \u00e0 La Taverne, Bar, Bistro & Chambres. Situ\u00e9 au coeur de M\u00e9ribel, deux pas des pistes. Ouvert tous les jours!","og_url":"https:\/\/latavernemeribel.com\/fr\/bar-bistro-menus\/","og_site_name":"La Taverne Meribel","article_modified_time":"2023-12-19T09:12:04+00:00","twitter_card":"summary_large_image","twitter_misc":{"Dur\u00e9e de lecture estim\u00e9e":"1 minute"},"schema":{"@context":"https:\/\/schema.org","@graph":[{"@type":"WebPage","@id":"https:\/\/latavernemeribel.com\/fr\/bar-bistro-menus\/","url":"https:\/\/latavernemeribel.com\/fr\/bar-bistro-menus\/","name":"LA TAVERNE MERIBEL I Bar-Bistro-Rooms I Nos menus en ligne","isPartOf":{"@id":"https:\/\/latavernemeribel.com\/#website"},"datePublished":"2021-06-22T11:33:34+00:00","dateModified":"2023-12-19T09:12:04+00:00","description":"Bienvenu \u00e0 La Taverne, Bar, Bistro & Chambres. Situ\u00e9 au coeur de M\u00e9ribel, deux pas des pistes. Ouvert tous les jours!","breadcrumb":{"@id":"https:\/\/latavernemeribel.com\/fr\/bar-bistro-menus\/#breadcrumb"},"inLanguage":"fr-FR","potentialAction":[{"@type":"ReadAction","target":["https:\/\/latavernemeribel.com\/fr\/bar-bistro-menus\/"]}]},{"@type":"BreadcrumbList","@id":"https:\/\/latavernemeribel.com\/fr\/bar-bistro-menus\/#breadcrumb","itemListElement":[{"@type":"ListItem","position":1,"name":"Home","item":"https:\/\/latavernemeribel.com\/fr\/"},{"@type":"ListItem","position":2,"name":"Menus"}]},{"@type":"WebSite","@id":"https:\/\/latavernemeribel.com\/#website","url":"https:\/\/latavernemeribel.com\/","name":"La Taverne - Meribel","description":"Bar, Restaurant &amp; Rooms","publisher":{"@id":"https:\/\/latavernemeribel.com\/#organization"},"potentialAction":[{"@type":"SearchAction","target":{"@type":"EntryPoint","urlTemplate":"https:\/\/latavernemeribel.com\/?s={search_term_string}"},"query-input":"required name=search_term_string"}],"inLanguage":"fr-FR"},{"@type":"Organization","@id":"https:\/\/latavernemeribel.com\/#organization","name":"La Taverne","url":"https:\/\/latavernemeribel.com\/","logo":{"@type":"ImageObject","inLanguage":"fr-FR","@id":"https:\/\/latavernemeribel.com\/#\/schema\/logo\/image\/","url":"https:\/\/latavernemeribel.com\/wp-content\/uploads\/2018\/12\/cropped-LA-TAVERNE-VITRINE.png","contentUrl":"https:\/\/latavernemeribel.com\/wp-content\/uploads\/2018\/12\/cropped-LA-TAVERNE-VITRINE.png","width":562,"height":250,"caption":"La Taverne"},"image":{"@id":"https:\/\/latavernemeribel.com\/#\/schema\/logo\/image\/"}}]}},"publishpress_future_action":{"enabled":false,"date":"2026-04-22 00:41:31","action":"draft","terms":[],"taxonomy":""},"_links":{"self":[{"href":"https:\/\/latavernemeribel.com\/fr\/wp-json\/wp\/v2\/pages\/679"}],"collection":[{"href":"https:\/\/latavernemeribel.com\/fr\/wp-json\/wp\/v2\/pages"}],"about":[{"href":"https:\/\/latavernemeribel.com\/fr\/wp-json\/wp\/v2\/types\/page"}],"author":[{"embeddable":true,"href":"https:\/\/latavernemeribel.com\/fr\/wp-json\/wp\/v2\/users\/4"}],"replies":[{"embeddable":true,"href":"https:\/\/latavernemeribel.com\/fr\/wp-json\/wp\/v2\/comments?post=679"}],"version-history":[{"count":34,"href":"https:\/\/latavernemeribel.com\/fr\/wp-json\/wp\/v2\/pages\/679\/revisions"}],"predecessor-version":[{"id":1312,"href":"https:\/\/latavernemeribel.com\/fr\/wp-json\/wp\/v2\/pages\/679\/revisions\/1312"}],"wp:attachment":[{"href":"https:\/\/latavernemeribel.com\/fr\/wp-json\/wp\/v2\/media?parent=679"}],"curies":[{"name":"wp","href":"https:\/\/api.w.org\/{rel}","templated":true}]}}