{"id":749,"date":"2021-01-12T16:21:24","date_gmt":"2021-01-12T15:21:24","guid":{"rendered":"https:\/\/latavernemeribel.com\/taverne-takeaway-restaurant-take-away-snack-fast-food-take-out-meribel-burger\/"},"modified":"2026-01-26T12:04:43","modified_gmt":"2026-01-26T11:04:43","slug":"bar-taverne","status":"publish","type":"page","link":"https:\/\/latavernemeribel.com\/fr\/bar-taverne\/","title":{"rendered":"Bar La Taverne"},"content":{"rendered":"<div class=\"wpb-content-wrapper\"><p>[vc_row full_width=\u00a0\u00bbstretch_row_content\u00a0\u00bb full_height=\u00a0\u00bbyes\u00a0\u00bb content_placement=\u00a0\u00bbbottom\u00a0\u00bb parallax=\u00a0\u00bbcontent-moving\u00a0\u00bb parallax_image=\u00a0\u00bb737&Prime;][vc_column][vc_custom_heading text=\u00a0\u00bbLe bar La Taverne, QG incontournable de M\u00e9ribel !\u00a0\u00bb font_container=\u00a0\u00bbtag:h1|text_align:center\u00a0\u00bb use_theme_fonts=\u00a0\u00bbyes\u00a0\u00bb][\/vc_column][\/vc_row][vc_row][vc_column][vc_column_text]<span style=\"font-weight: 400;\">Ce nom vous dit quelque chose ? Et oui, connu de beaucoup et aim\u00e9 de tous, le bar La Taverne est le repaire des skieurs (et pas que !). Ce bar mythique a ouvert il y a d\u00e9j\u00e0 plusieurs ann\u00e9es, ce qui en fait un lieu iconique qu\u2019il faut absolument visiter lors de votre s\u00e9jour \u00e0 M\u00e9ribel.<\/span><\/p>\n<p><span style=\"font-weight: 400;\">Rev\u00eatu de bois du sol au plafond, le bar est un m\u00e9lange unique de chalet fran\u00e7ais et de pub anglais\u00a0!<\/span><\/p>\n<p><span style=\"font-weight: 400;\">Ouvert toute l\u2019ann\u00e9e, La \u00ab Tav \u00bb est le point de rep\u00e8re pour les habitu\u00e9s et les touristes. Nous avons une client\u00e8le et une \u00e9quipe tr\u00e8s \u00e9clectique venant de partout dans le monde. Vous serez accueillis chaleureusement et vous vous sentirez tr\u00e8s vite comme \u00e0 la maison ! <\/span>[\/vc_column_text][\/vc_column][\/vc_row][vc_row full_width=\u00a0\u00bbstretch_row_content\u00a0\u00bb equal_height=\u00a0\u00bbyes\u00a0\u00bb][vc_column width=\u00a0\u00bb1\/2&Prime;][vc_column_text]<\/p>\n<h2 style=\"text-align: center;\">Pour une petite station de ski, M\u00e9ribel dispose d&rsquo;un bon choix de bars, et la Taverne est dans le top 10!<\/h2>\n<p>[\/vc_column_text][vc_column_text]<\/p>\n<h3 style=\"text-align: center;\"><span style=\"font-weight: 400;\">Un diner en t\u00eate \u00e0 t\u00eate ou une soir\u00e9e de folie ? <\/span><\/h3>\n<p style=\"text-align: center;\"><span style=\"font-size: 1rem;\">La Tav propose un programme toute la semaine pour vous divertir et vous faire passer des moments inoubliables !<\/span><\/p>\n<p style=\"text-align: center;\"><span style=\"font-weight: 400;\">Tous les <strong>mardis, mercredis <em>&amp; vendredi soirs<\/em><\/strong>, profitez de nos \u00ab LIVE MUSIC \u00bb avec nos talentueux musiciens de M\u00e9ribel. Vous allez chanter toute la nuit avec vos bandes de potes, apr\u00e8s tout vous n\u2019\u00eates pas l\u00e0 que pour skier n\u2019est-ce pas ?<\/span><\/p>\n<p style=\"text-align: center;\"><span style=\"font-weight: 400;\">Pour les f\u00eatards, nous avons exactement ce qu\u2019il vous faut : rendez-vous le <strong>jeudi soir<\/strong> et rejoignez-nous pour vous ambiancer avec nos c\u00e9l\u00e8bres DJs locaux \u00ab<\/span><i><span style=\"font-weight: 400;\">\u00a0Bubble &amp; Crisp\u00a0<\/span><\/i><span style=\"font-weight: 400;\">\u00bb ! Un joli m\u00e9lange de tubes \u00e9lectro jazzy qui vous feront bouger en un rien de temps !<\/span><\/p>\n<p style=\"text-align: center;\" data-start=\"128\" data-end=\"446\"><strong data-start=\"128\" data-end=\"153\">Et ce n\u2019est pas fini\u2026<\/strong><br data-start=\"153\" data-end=\"156\" \/>Saturday Night Fever ? Non. <em><strong data-start=\"184\" data-end=\"202\">Weekend Fever.<\/strong><\/em><br data-start=\"202\" data-end=\"205\" \/>Tous les samedis soirs, nos DJs r\u00e9sidents prennent le contr\u00f4le et transforment le dancefloor du bar de La Taverne en <em data-start=\"322\" data-end=\"339\">the place to be<\/em> d\u00e8s 22h. Bonne musique, bonne ambiance, et cette irr\u00e9sistible envie de rester encore un peu (ou beaucoup).<\/p>\n<p style=\"text-align: center;\" data-start=\"448\" data-end=\"677\">Neige fra\u00eeche, son frais\u2026<strong data-start=\"448\" data-end=\"494\"><em>tous les lundis.<\/em><\/strong><br data-start=\"494\" data-end=\"497\" \/>Des sets vinyles aux basses qui font vibrer les double subs, ici pas de Monday blues. Juste de la bonne musique, de l\u2019\u00e9nergie et une ambiance qui r\u00e9veille la semaine comme il faut.<\/p>\n<p>[\/vc_column_text][\/vc_column][vc_column width=\u00a0\u00bb1\/2&Prime;][vc_single_image image=\u00a0\u00bb1037&Prime; img_size=\u00a0\u00bblarge\u00a0\u00bb style=\u00a0\u00bbvc_box_shadow_3d\u00a0\u00bb][\/vc_column][\/vc_row][vc_row full_width=\u00a0\u00bbstretch_row_content\u00a0\u00bb equal_height=\u00a0\u00bbyes\u00a0\u00bb][vc_column width=\u00a0\u00bb1\/2&Prime;][vc_single_image image=\u00a0\u00bb1035&Prime; img_size=\u00a0\u00bblarge\u00a0\u00bb style=\u00a0\u00bbvc_box_shadow_3d\u00a0\u00bb][\/vc_column][vc_column width=\u00a0\u00bb1\/2&Prime;][vc_column_text]<\/p>\n<h3><span style=\"font-weight: 400;\">Arriv\u00e9 en touriste, au bout d\u2019une semaine vous serez tr\u00e8s vite un habitu\u00e9 de la Tav, 100% garanti !<\/span><\/h3>\n<p>[\/vc_column_text][vc_column_text]<\/p>\n<p style=\"text-align: center;\"><span style=\"font-weight: 400;\">Apr\u00e8s une journ\u00e9e \u00e0 d\u00e9valer les montagnes, rien de tel qu\u2019un bon verre. En sortant des pistes, rendez-vous directement au bar pour un grog chaud, une bi\u00e8re artisanale ou notre incontournable vin chaud !<\/span><\/p>\n<p style=\"text-align: center;\"><span style=\"font-weight: 400;\">Le bar \u00e9tant id\u00e9alement situ\u00e9 \u00e0 deux pas des pistes, vous pourrez donc facilement laisser vos skis \u00e0 la porte et vous d\u00e9tendre en terrasse.<\/span><\/p>\n<p style=\"text-align: center;\"><span style=\"font-weight: 400;\">En manque de dose sportive hebdomadaire ? Rassurez-vous, nous retransmettons tous les matchs en direct sur tous nos \u00e9crans afin de ne rien manquer ! Que vous soyez fan de rugby ou de football, venez prendre place au bar et supportez votre \u00e9quipe !<\/span><\/p>\n<p>[\/vc_column_text][\/vc_column][\/vc_row][vc_row full_width=\u00a0\u00bbstretch_row_content\u00a0\u00bb][vc_column][vc_column_text]<\/p>\n<h3 style=\"text-align: center;\">Amateurs de bi\u00e8res et plats savoyards, rendez-vous au bar La Taverne<\/h3>\n<p><span style=\"font-weight: 400;\">Les amateurs de bi\u00e8res (et les autres ^^) s&rsquo;\u00e9merveillent de notre s\u00e9lection de bi\u00e8res pressions allant de nos brasseurs locaux \u00e0 nos IPA import\u00e9es. Calmez votre petite faim \u00e0 toute heure : nous servons \u00e0 manger toute la journ\u00e9e (le froid ouvre l&rsquo;app\u00e9tit !). Nous avons pens\u00e9 \u00e0 tout, et on comprend que la Taverne est LE bar o\u00f9 se rendre d\u00e8s que l\u2019on arrive \u00e0 M\u00e9ribel.<\/span><\/p>\n<p style=\"text-align: center;\">Mais attendez, ce n\u2019est pas tout\u00a0!<\/p>\n<p style=\"text-align: center;\"><span style=\"font-weight: 400;\">Certes, le Taverne est le rep\u00e8re local mais vous pouvez aussi descendre au bistrot pour boire un verre intimiste, et savourer un d\u00e9licieux repas. Le restaurant est ouvert tous les jours de la semaine avec un choix de \u00ab Plats Signature \u00bb et les traditionnels plats savoyards. Alors n&rsquo;est-ce pas encore une bonne raison pour passer nous voir ?<\/span><\/p>\n<p>[\/vc_column_text][vc_column_text]<\/p>\n<h4 style=\"text-align: center;\">Comment venir au bar La Taverne ?<\/h4>\n<p style=\"text-align: center;\"><span style=\"font-weight: 400;\">Situ\u00e9 en plein centre de M\u00e9ribel, \u00e0 deux pas de l\u2019office du tourisme et des pistes.<\/span><\/p>\n<p style=\"text-align: center;\"><span style=\"font-weight: 400;\">Notre porte est toujours grande ouverte pour vous accueillir alors n\u2019h\u00e9sitez pas \u00e0 passer nous dire bonjour, vous serez toujours le bienvenu\u00a0!<\/span><\/p>\n<p style=\"text-align: center;\"><span style=\"font-weight: 400;\">Rendez-vous \u00e0 la Tav\u00a0<\/span><span style=\"font-weight: 400;\">\ud83d\ude09<\/span><\/p>\n<p style=\"text-align: center;\">Et suivez-nous sur <a href=\"https:\/\/www.facebook.com\/latavernemeribel\" target=\"_blank\" rel=\"noopener\">Facebook<\/a> et <a href=\"https:\/\/www.instagram.com\/latavernemeribel\/\" target=\"_blank\" rel=\"noopener\">Instagram<\/a><\/p>\n<p>[\/vc_column_text][\/vc_column][\/vc_row][vc_row full_width=\u00a0\u00bbstretch_row_content\u00a0\u00bb css=\u00a0\u00bb.vc_custom_1609758363692{background-color: #ffffff !important;border-radius: 1px !important;}\u00a0\u00bb][vc_column width=\u00a0\u00bb1\/3&Prime;][vc_btn title=\u00a0\u00bbBISTRO\u00a0\u00bb align=\u00a0\u00bbcenter\u00a0\u00bb link=\u00a0\u00bburl:https%3A%2F%2Flatavernemeribel.com%2F|title:food|target:_blank\u00a0\u00bb][vc_single_image image=\u00a0\u00bb1610&Prime; img_size=\u00a0\u00bbmedium\u00a0\u00bb alignment=\u00a0\u00bbcenter\u00a0\u00bb style=\u00a0\u00bbvc_box_shadow_3d\u00a0\u00bb][\/vc_column][vc_column width=\u00a0\u00bb1\/3&Prime;][vc_btn title=\u00a0\u00bbHOTEL\u00a0\u00bb align=\u00a0\u00bbcenter\u00a0\u00bb link=\u00a0\u00bburl:https%3A%2F%2Flatavernemeribel.com%2Frooms%2F%23|title:Hotel||\u00a0\u00bb][vc_single_image image=\u00a0\u00bb723&Prime; img_size=\u00a0\u00bbmedium\u00a0\u00bb alignment=\u00a0\u00bbcenter\u00a0\u00bb style=\u00a0\u00bbvc_box_shadow_3d\u00a0\u00bb][\/vc_column][vc_column width=\u00a0\u00bb1\/3&Prime;][vc_btn title=\u00a0\u00bbEVENTS\u00a0\u00bb align=\u00a0\u00bbcenter\u00a0\u00bb link=\u00a0\u00bburl:https%3A%2F%2Flatavernemeribel.com%2Fevents%2F%231|title:EVENTS|target:_blank\u00a0\u00bb][vc_single_image image=\u00a0\u00bb1040&Prime; img_size=\u00a0\u00bbmedium\u00a0\u00bb alignment=\u00a0\u00bbcenter\u00a0\u00bb style=\u00a0\u00bbvc_box_shadow_3d\u00a0\u00bb][\/vc_column][\/vc_row]<\/p>\n<\/div>","protected":false},"excerpt":{"rendered":"<p>[vc_row full_width=\u00a0\u00bbstretch_row_content\u00a0\u00bb full_height=\u00a0\u00bbyes\u00a0\u00bb content_placement=\u00a0\u00bbbottom\u00a0\u00bb parallax=\u00a0\u00bbcontent-moving\u00a0\u00bb parallax_image=\u00a0\u00bb737&Prime;][vc_column][vc_custom_heading text=\u00a0\u00bbLe bar La Taverne, QG incontournable de M\u00e9ribel !\u00a0\u00bb font_container=\u00a0\u00bbtag:h1|text_align:center\u00a0\u00bb use_theme_fonts=\u00a0\u00bbyes\u00a0\u00bb][\/vc_column][\/vc_row][vc_row][vc_column][vc_column_text]Ce nom vous dit quelque chose ? Et oui, connu de beaucoup et aim\u00e9 de tous, le bar La Taverne est le repaire des skieurs (et pas que !). Ce bar mythique a ouvert il y a d\u00e9j\u00e0 plusieurs &hellip; <\/p>\n<p class=\"link-more\"><a href=\"https:\/\/latavernemeribel.com\/fr\/bar-taverne\/\" class=\"more-link\">Continuer la lecture<span class=\"screen-reader-text\"> de &laquo;&nbsp;Bar La Taverne&nbsp;&raquo;<\/span><\/a><\/p>\n","protected":false},"author":4,"featured_media":0,"parent":0,"menu_order":0,"comment_status":"closed","ping_status":"closed","template":"","meta":{"footnotes":""},"yoast_head":"<!-- This site is optimized with the Yoast SEO plugin v21.8 - https:\/\/yoast.com\/wordpress\/plugins\/seo\/ -->\n<title>Bar La Taverne : l&#039;un des meilleurs bars \u00e0 M\u00e9ribel, soir\u00e9es apr\u00e8s ski<\/title>\n<meta name=\"description\" content=\"Le bar La Taverne est un spot favori de M\u00e9ribel, l&#039;un des meilleurs bars pour les soir\u00e9es apr\u00e8s ski, musique live et ambiance montagnarde\" \/>\n<meta name=\"robots\" content=\"index, follow, max-snippet:-1, max-image-preview:large, max-video-preview:-1\" \/>\n<link rel=\"canonical\" href=\"https:\/\/latavernemeribel.com\/fr\/bar-taverne\/\" \/>\n<meta property=\"og:locale\" content=\"fr_FR\" \/>\n<meta property=\"og:type\" content=\"article\" \/>\n<meta property=\"og:title\" content=\"Bar La Taverne : l&#039;un des meilleurs bars \u00e0 M\u00e9ribel, soir\u00e9es apr\u00e8s ski\" \/>\n<meta property=\"og:description\" content=\"Le bar La Taverne est un spot favori de M\u00e9ribel, l&#039;un des meilleurs bars pour les soir\u00e9es apr\u00e8s ski, musique live et ambiance montagnarde\" \/>\n<meta property=\"og:url\" content=\"https:\/\/latavernemeribel.com\/fr\/bar-taverne\/\" \/>\n<meta property=\"og:site_name\" content=\"La Taverne Meribel\" \/>\n<meta property=\"article:modified_time\" content=\"2026-01-26T11:04:43+00:00\" \/>\n<meta name=\"twitter:card\" content=\"summary_large_image\" \/>\n<meta name=\"twitter:label1\" content=\"Dur\u00e9e de lecture estim\u00e9e\" \/>\n\t<meta name=\"twitter:data1\" content=\"5 minutes\" \/>\n<script type=\"application\/ld+json\" class=\"yoast-schema-graph\">{\"@context\":\"https:\/\/schema.org\",\"@graph\":[{\"@type\":\"WebPage\",\"@id\":\"https:\/\/latavernemeribel.com\/fr\/bar-taverne\/\",\"url\":\"https:\/\/latavernemeribel.com\/fr\/bar-taverne\/\",\"name\":\"Bar La Taverne : l'un des meilleurs bars \u00e0 M\u00e9ribel, soir\u00e9es apr\u00e8s ski\",\"isPartOf\":{\"@id\":\"https:\/\/latavernemeribel.com\/#website\"},\"datePublished\":\"2021-01-12T15:21:24+00:00\",\"dateModified\":\"2026-01-26T11:04:43+00:00\",\"description\":\"Le bar La Taverne est un spot favori de M\u00e9ribel, l'un des meilleurs bars pour les soir\u00e9es apr\u00e8s ski, musique live et ambiance montagnarde\",\"breadcrumb\":{\"@id\":\"https:\/\/latavernemeribel.com\/fr\/bar-taverne\/#breadcrumb\"},\"inLanguage\":\"fr-FR\",\"potentialAction\":[{\"@type\":\"ReadAction\",\"target\":[\"https:\/\/latavernemeribel.com\/fr\/bar-taverne\/\"]}]},{\"@type\":\"BreadcrumbList\",\"@id\":\"https:\/\/latavernemeribel.com\/fr\/bar-taverne\/#breadcrumb\",\"itemListElement\":[{\"@type\":\"ListItem\",\"position\":1,\"name\":\"Home\",\"item\":\"https:\/\/latavernemeribel.com\/fr\/\"},{\"@type\":\"ListItem\",\"position\":2,\"name\":\"Bar La Taverne\"}]},{\"@type\":\"WebSite\",\"@id\":\"https:\/\/latavernemeribel.com\/#website\",\"url\":\"https:\/\/latavernemeribel.com\/\",\"name\":\"La Taverne - Meribel\",\"description\":\"Bar, Restaurant &amp; Rooms\",\"publisher\":{\"@id\":\"https:\/\/latavernemeribel.com\/#organization\"},\"potentialAction\":[{\"@type\":\"SearchAction\",\"target\":{\"@type\":\"EntryPoint\",\"urlTemplate\":\"https:\/\/latavernemeribel.com\/?s={search_term_string}\"},\"query-input\":\"required name=search_term_string\"}],\"inLanguage\":\"fr-FR\"},{\"@type\":\"Organization\",\"@id\":\"https:\/\/latavernemeribel.com\/#organization\",\"name\":\"La Taverne\",\"url\":\"https:\/\/latavernemeribel.com\/\",\"logo\":{\"@type\":\"ImageObject\",\"inLanguage\":\"fr-FR\",\"@id\":\"https:\/\/latavernemeribel.com\/#\/schema\/logo\/image\/\",\"url\":\"https:\/\/latavernemeribel.com\/wp-content\/uploads\/2018\/12\/cropped-LA-TAVERNE-VITRINE.png\",\"contentUrl\":\"https:\/\/latavernemeribel.com\/wp-content\/uploads\/2018\/12\/cropped-LA-TAVERNE-VITRINE.png\",\"width\":562,\"height\":250,\"caption\":\"La Taverne\"},\"image\":{\"@id\":\"https:\/\/latavernemeribel.com\/#\/schema\/logo\/image\/\"}}]}<\/script>\n<!-- \/ Yoast SEO plugin. -->","yoast_head_json":{"title":"Bar La Taverne : l'un des meilleurs bars \u00e0 M\u00e9ribel, soir\u00e9es apr\u00e8s ski","description":"Le bar La Taverne est un spot favori de M\u00e9ribel, l'un des meilleurs bars pour les soir\u00e9es apr\u00e8s ski, musique live et ambiance montagnarde","robots":{"index":"index","follow":"follow","max-snippet":"max-snippet:-1","max-image-preview":"max-image-preview:large","max-video-preview":"max-video-preview:-1"},"canonical":"https:\/\/latavernemeribel.com\/fr\/bar-taverne\/","og_locale":"fr_FR","og_type":"article","og_title":"Bar La Taverne : l'un des meilleurs bars \u00e0 M\u00e9ribel, soir\u00e9es apr\u00e8s ski","og_description":"Le bar La Taverne est un spot favori de M\u00e9ribel, l'un des meilleurs bars pour les soir\u00e9es apr\u00e8s ski, musique live et ambiance montagnarde","og_url":"https:\/\/latavernemeribel.com\/fr\/bar-taverne\/","og_site_name":"La Taverne Meribel","article_modified_time":"2026-01-26T11:04:43+00:00","twitter_card":"summary_large_image","twitter_misc":{"Dur\u00e9e de lecture estim\u00e9e":"5 minutes"},"schema":{"@context":"https:\/\/schema.org","@graph":[{"@type":"WebPage","@id":"https:\/\/latavernemeribel.com\/fr\/bar-taverne\/","url":"https:\/\/latavernemeribel.com\/fr\/bar-taverne\/","name":"Bar La Taverne : l'un des meilleurs bars \u00e0 M\u00e9ribel, soir\u00e9es apr\u00e8s ski","isPartOf":{"@id":"https:\/\/latavernemeribel.com\/#website"},"datePublished":"2021-01-12T15:21:24+00:00","dateModified":"2026-01-26T11:04:43+00:00","description":"Le bar La Taverne est un spot favori de M\u00e9ribel, l'un des meilleurs bars pour les soir\u00e9es apr\u00e8s ski, musique live et ambiance montagnarde","breadcrumb":{"@id":"https:\/\/latavernemeribel.com\/fr\/bar-taverne\/#breadcrumb"},"inLanguage":"fr-FR","potentialAction":[{"@type":"ReadAction","target":["https:\/\/latavernemeribel.com\/fr\/bar-taverne\/"]}]},{"@type":"BreadcrumbList","@id":"https:\/\/latavernemeribel.com\/fr\/bar-taverne\/#breadcrumb","itemListElement":[{"@type":"ListItem","position":1,"name":"Home","item":"https:\/\/latavernemeribel.com\/fr\/"},{"@type":"ListItem","position":2,"name":"Bar La Taverne"}]},{"@type":"WebSite","@id":"https:\/\/latavernemeribel.com\/#website","url":"https:\/\/latavernemeribel.com\/","name":"La Taverne - Meribel","description":"Bar, Restaurant &amp; Rooms","publisher":{"@id":"https:\/\/latavernemeribel.com\/#organization"},"potentialAction":[{"@type":"SearchAction","target":{"@type":"EntryPoint","urlTemplate":"https:\/\/latavernemeribel.com\/?s={search_term_string}"},"query-input":"required name=search_term_string"}],"inLanguage":"fr-FR"},{"@type":"Organization","@id":"https:\/\/latavernemeribel.com\/#organization","name":"La Taverne","url":"https:\/\/latavernemeribel.com\/","logo":{"@type":"ImageObject","inLanguage":"fr-FR","@id":"https:\/\/latavernemeribel.com\/#\/schema\/logo\/image\/","url":"https:\/\/latavernemeribel.com\/wp-content\/uploads\/2018\/12\/cropped-LA-TAVERNE-VITRINE.png","contentUrl":"https:\/\/latavernemeribel.com\/wp-content\/uploads\/2018\/12\/cropped-LA-TAVERNE-VITRINE.png","width":562,"height":250,"caption":"La Taverne"},"image":{"@id":"https:\/\/latavernemeribel.com\/#\/schema\/logo\/image\/"}}]}},"publishpress_future_action":{"enabled":false,"date":"2026-04-13 11:39:08","action":"draft","terms":[],"taxonomy":""},"_links":{"self":[{"href":"https:\/\/latavernemeribel.com\/fr\/wp-json\/wp\/v2\/pages\/749"}],"collection":[{"href":"https:\/\/latavernemeribel.com\/fr\/wp-json\/wp\/v2\/pages"}],"about":[{"href":"https:\/\/latavernemeribel.com\/fr\/wp-json\/wp\/v2\/types\/page"}],"author":[{"embeddable":true,"href":"https:\/\/latavernemeribel.com\/fr\/wp-json\/wp\/v2\/users\/4"}],"replies":[{"embeddable":true,"href":"https:\/\/latavernemeribel.com\/fr\/wp-json\/wp\/v2\/comments?post=749"}],"version-history":[{"count":24,"href":"https:\/\/latavernemeribel.com\/fr\/wp-json\/wp\/v2\/pages\/749\/revisions"}],"predecessor-version":[{"id":1622,"href":"https:\/\/latavernemeribel.com\/fr\/wp-json\/wp\/v2\/pages\/749\/revisions\/1622"}],"wp:attachment":[{"href":"https:\/\/latavernemeribel.com\/fr\/wp-json\/wp\/v2\/media?parent=749"}],"curies":[{"name":"wp","href":"https:\/\/api.w.org\/{rel}","templated":true}]}}